{"id":9651,"date":"2026-03-27T07:02:40","date_gmt":"2026-03-27T06:02:40","guid":{"rendered":"https:\/\/lasika.si\/?post_type=product&#038;p=9651"},"modified":"2026-04-22T06:15:06","modified_gmt":"2026-04-22T04:15:06","slug":"darilo-za-birmo-krst-in-obhajilo-slika-z-angelom","status":"publish","type":"product","link":"https:\/\/lasika.si\/de\/produkt\/darilo-za-birmo-krst-in-obhajilo-slika-z-angelom\/","title":{"rendered":"Geschenk zur Firmung, Taufe und Erstkommunion \u2013 Bild mit Engelmotiv in Lavendelfarbe"},"content":{"rendered":"<h2 data-path-to-node=\"14\">Dauerhafter Wert und nat\u00fcrliche Materialien<\/h2>\n<p data-path-to-node=\"14\"><span style=\"font-size: 16px;\">Zu besonderen Lebensereignissen wie Taufe, Erstkommunion oder Firmung m\u00f6chten wir etwas schenken, das in bleibender Erinnerung bleibt. <strong><a href=\"https:\/\/lasika.si\/de\/trgovina\/posebni-trenutki\/darilo-za-krst-obhajilo-in-birmo\/\">Geschenk zur Firmung<\/a><\/strong>, ein Holzbeschilderung mit einem Engelmotiv in <\/span>Lavendelton<span style=\"font-size: 16px;\"> ist die perfekte Wahl f\u00fcr diejenigen, die ein zartes, aber farbenfrohes Geschenk suchen.<\/span><\/p>\n<p data-path-to-node=\"5,2,1,1\">Jedes Bild wird sorgf\u00e4ltig von Hand aus hochwertigem Holz gefertigt und mit einem 3D-Reliefengel erg\u00e4nzt. Die Lavendelfarbe symbolisiert Anmut und Einzigartigkeit, was dieses Geschenk besonders f\u00fcr M\u00e4dchen oder als farbenfrohe Erg\u00e4nzung zu einer Erinnerungsecke geeignet macht.<\/p>\n<h2 data-path-to-node=\"5,2,1,1\">Warum unser Geschenk zur Firmung w\u00e4hlen?<\/h2>\n<p data-path-to-node=\"5,2,1,2\">Personalisierungsoptionen:<\/p>\n<ul data-path-to-node=\"5,2,1,3\">\n<li>\n<p data-path-to-node=\"5,2,1,3,0,0\">Name des Kindes: Eine auff\u00e4llige Beschriftung oben auf dem Bild.<\/p>\n<\/li>\n<li>\n<p data-path-to-node=\"5,2,1,3,1,0\">Widmung nach Wahl: Sie k\u00f6nnen aus verschiedenen Engelmotiven und Bibelversen w\u00e4hlen.<\/p>\n<\/li>\n<li>\n<p data-path-to-node=\"5,2,1,3,2,0\">Datum der Feier: Eine eingravierte Erinnerung an diesen wichtigen Tag.<\/p>\n<\/li>\n<\/ul>","protected":false},"excerpt":{"rendered":"<p>Suchen Sie ein zartes und einzigartiges Geschenk zur Firmung, Erstkommunion oder Taufe? Dieses wundersch\u00f6ne Holzbeschilderung in warmem Lavendelton bringt Ruhe und Eleganz in jedes Kinderzimmer.<\/p>","protected":false},"featured_media":9670,"comment_status":"closed","ping_status":"closed","template":"","meta":{"_acf_changed":false,"footnotes":""},"product_brand":[],"product_cat":[61],"product_tag":[],"class_list":{"0":"post-9651","1":"product","2":"type-product","3":"status-publish","4":"has-post-thumbnail","6":"product_cat-darilo-za-krst-obhajilo-in-birmo","8":"first","9":"onbackorder","10":"featured","11":"shipping-taxable","12":"purchasable","13":"product-type-variable"},"acf":[],"tiered_pricing_type":"fixed","tiered_pricing_fixed_rules":[],"tiered_pricing_product_settings":{"layout":"default","base_unit_name":{"singular":null,"plural":null},"default_variation":null},"tiered_pricing_minimum_quantity":null,"tiered_pricing_roles_data":[],"tiered_pricing_percentage_rules":[],"_links":{"self":[{"href":"https:\/\/lasika.si\/de\/wp-json\/wp\/v2\/product\/9651","targetHints":{"allow":["GET"]}}],"collection":[{"href":"https:\/\/lasika.si\/de\/wp-json\/wp\/v2\/product"}],"about":[{"href":"https:\/\/lasika.si\/de\/wp-json\/wp\/v2\/types\/product"}],"replies":[{"embeddable":true,"href":"https:\/\/lasika.si\/de\/wp-json\/wp\/v2\/comments?post=9651"}],"version-history":[{"count":32,"href":"https:\/\/lasika.si\/de\/wp-json\/wp\/v2\/product\/9651\/revisions"}],"predecessor-version":[{"id":10295,"href":"https:\/\/lasika.si\/de\/wp-json\/wp\/v2\/product\/9651\/revisions\/10295"}],"wp:featuredmedia":[{"embeddable":true,"href":"https:\/\/lasika.si\/de\/wp-json\/wp\/v2\/media\/9670"}],"wp:attachment":[{"href":"https:\/\/lasika.si\/de\/wp-json\/wp\/v2\/media?parent=9651"}],"wp:term":[{"taxonomy":"product_brand","embeddable":true,"href":"https:\/\/lasika.si\/de\/wp-json\/wp\/v2\/product_brand?post=9651"},{"taxonomy":"product_cat","embeddable":true,"href":"https:\/\/lasika.si\/de\/wp-json\/wp\/v2\/product_cat?post=9651"},{"taxonomy":"product_tag","embeddable":true,"href":"https:\/\/lasika.si\/de\/wp-json\/wp\/v2\/product_tag?post=9651"}],"curies":[{"name":"wp","href":"https:\/\/api.w.org\/{rel}","templated":true}]}}