{"id":9392,"date":"2026-03-27T07:06:23","date_gmt":"2026-03-27T06:06:23","guid":{"rendered":"https:\/\/lasika.si\/?post_type=product&#038;p=9392"},"modified":"2026-04-22T06:14:36","modified_gmt":"2026-04-22T04:14:36","slug":"darilo-za-krst-obhajilo-in-birmo-bela-slika","status":"publish","type":"product","link":"https:\/\/lasika.si\/de\/produkt\/darilo-za-krst-obhajilo-in-birmo-bela-slika\/","title":{"rendered":"Geschenk zur Taufe, Erstkommunion und Firmung \u2013 wei\u00dfes Bild mit einem Engelchen"},"content":{"rendered":"<h3 data-path-to-node=\"14\">Warum unser Taufgeschenk w\u00e4hlen?<\/h3>\n<p data-path-to-node=\"10,0\">Die Farbe Wei\u00df ist ein Symbol f\u00fcr Reinheit und Neuanf\u00e4nge, deshalb ist <a href=\"https:\/\/lasika.si\/de\/trgovina\/posebni-trenutki\/darilo-za-krst-obhajilo-in-birmo\/\">Taufgeschenk<\/a>, <b data-path-to-node=\"10,0\" data-index-in-node=\"62\">wei\u00dfes Erinnerungsbild mit kleinem Engel<\/b> die beliebteste Wahl f\u00fcr heilige Sakramente. Hergestellt aus sorgf\u00e4ltig ausgew\u00e4hltem Holz und handgefertigt, stellt es ein \u00e4sthetisches und spirituelles Geschenk dar, das das Kind ein Leben lang begleiten wird.<\/p>\n<p data-path-to-node=\"10,1\">Der zarte wei\u00dfe Hintergrund betont die Textur des Holzes und sorgt daf\u00fcr, dass die eingravierte Widmung und das 3D-Engelmotiv wirklich hervorstechen. Mit seiner neutralen und hellen Natur passt das Bild zu jedem Stil des Kinderzimmers \u2013 vom klassischen bis zum modernen Minimalismus.<\/p>\n<p data-path-to-node=\"10,2\"><b data-path-to-node=\"10,2\" data-index-in-node=\"0\">Warum das wei\u00dfe Erinnerungsbild Lasika w\u00e4hlen?<\/b><\/p>\n<ul data-path-to-node=\"10,3\">\n<li>\n<p data-path-to-node=\"10,3,0,0\"><b data-path-to-node=\"10,3,0,0\" data-index-in-node=\"0\">Symbolik des Lichts:<\/b> Die Farbe Wei\u00df spiegelt die Bedeutung der Taufe und der Erstkommunion perfekt wider.<\/p>\n<\/li>\n<li>\n<p data-path-to-node=\"10,3,1,0\"><b data-path-to-node=\"10,3,1,0\" data-index-in-node=\"0\">3D-Relief-Engel:<\/b>\u00a0ein Detail, das dem Bild Tiefe und W\u00e4rme verleiht.<\/p>\n<\/li>\n<li>\n<p data-path-to-node=\"10,3,2,0\"><b data-path-to-node=\"10,3,2,0\" data-index-in-node=\"0\">Personalisierung nach Wunsch:<\/b> Geben Sie einen beliebigen Namen ein, w\u00e4hlen Sie einen Lieblingsvers und f\u00fcgen Sie das Datum des Ereignisses hinzu.<\/p>\n<\/li>\n<\/ul>","protected":false},"excerpt":{"rendered":"<p data-path-to-node=\"7,0\">Zeitlose Eleganz in schneewei\u00dfer Farbe. Dieses einzigartige Holzbett mit einem Engelmotiv bringt Licht und Segen in jedes Zuhause. Das perfekte Geschenk zur Taufe, Erstkommunion oder Firmung, personalisiert mit Namen und Datum nach Ihren W\u00fcnschen.<\/p>\n<p>&nbsp;<\/p>","protected":false},"featured_media":9568,"comment_status":"closed","ping_status":"closed","template":"","meta":{"_acf_changed":false,"footnotes":""},"product_brand":[],"product_cat":[61],"product_tag":[],"class_list":{"0":"post-9392","1":"product","2":"type-product","3":"status-publish","4":"has-post-thumbnail","6":"product_cat-darilo-za-krst-obhajilo-in-birmo","8":"first","9":"onbackorder","10":"featured","11":"shipping-taxable","12":"purchasable","13":"product-type-variable"},"acf":[],"tiered_pricing_type":"fixed","tiered_pricing_fixed_rules":[],"tiered_pricing_product_settings":{"layout":"default","base_unit_name":{"singular":null,"plural":null},"default_variation":null},"tiered_pricing_minimum_quantity":null,"tiered_pricing_roles_data":[],"tiered_pricing_percentage_rules":[],"_links":{"self":[{"href":"https:\/\/lasika.si\/de\/wp-json\/wp\/v2\/product\/9392","targetHints":{"allow":["GET"]}}],"collection":[{"href":"https:\/\/lasika.si\/de\/wp-json\/wp\/v2\/product"}],"about":[{"href":"https:\/\/lasika.si\/de\/wp-json\/wp\/v2\/types\/product"}],"replies":[{"embeddable":true,"href":"https:\/\/lasika.si\/de\/wp-json\/wp\/v2\/comments?post=9392"}],"version-history":[{"count":33,"href":"https:\/\/lasika.si\/de\/wp-json\/wp\/v2\/product\/9392\/revisions"}],"predecessor-version":[{"id":10189,"href":"https:\/\/lasika.si\/de\/wp-json\/wp\/v2\/product\/9392\/revisions\/10189"}],"wp:featuredmedia":[{"embeddable":true,"href":"https:\/\/lasika.si\/de\/wp-json\/wp\/v2\/media\/9568"}],"wp:attachment":[{"href":"https:\/\/lasika.si\/de\/wp-json\/wp\/v2\/media?parent=9392"}],"wp:term":[{"taxonomy":"product_brand","embeddable":true,"href":"https:\/\/lasika.si\/de\/wp-json\/wp\/v2\/product_brand?post=9392"},{"taxonomy":"product_cat","embeddable":true,"href":"https:\/\/lasika.si\/de\/wp-json\/wp\/v2\/product_cat?post=9392"},{"taxonomy":"product_tag","embeddable":true,"href":"https:\/\/lasika.si\/de\/wp-json\/wp\/v2\/product_tag?post=9392"}],"curies":[{"name":"wp","href":"https:\/\/api.w.org\/{rel}","templated":true}]}}