{"id":9145,"date":"2026-02-23T05:47:33","date_gmt":"2026-02-23T04:47:33","guid":{"rendered":"https:\/\/lasika.si\/?post_type=product&#038;p=9145"},"modified":"2026-04-06T09:29:19","modified_gmt":"2026-04-06T07:29:19","slug":"osterhase","status":"publish","type":"product","link":"https:\/\/lasika.si\/de\/izdelek\/velikonocni-zajcek\/","title":{"rendered":"Osterhase"},"content":{"rendered":"<h2 data-path-to-node=\"4\">Dekorative Osterhase aus Holz \u2013 einzigartige Feiertagsdekoration<\/h2>\n<p data-path-to-node=\"5\">Suchen Sie nach einer M\u00f6glichkeit, Ihren Ostertisch in diesem Jahr aufzupeppen? Unser <b data-path-to-node=\"5\" data-index-in-node=\"64\">Osterhase aus Holz<\/b> auf einem massiven Sockel ist als einzigartige <b data-path-to-node=\"5\" data-index-in-node=\"136\">Osterdekoration<\/b>, konzipiert, die W\u00e4rme von Naturholz und festliche Atmosph\u00e4re in Ihr Zuhause bringt.<\/p>\n<p data-path-to-node=\"6\">Sie <strong><a href=\"http:\/\/lasika.si\/de\/\">Holzprodukte<\/a><\/strong> sind nicht nur eine Dekoration, sondern eine bleibende Erinnerung. Der Hase in seinem K\u00f6rbchen tr\u00e4gt stolz ein Osterei, was einen wundersch\u00f6nen Mittelpunkt auf Ihrem Tisch schafft. Die Vorderseite ist einzigartig bemalt, w\u00e4hrend die R\u00fcckseite die nat\u00fcrliche Holzfarbe beh\u00e4lt, sodass sie in jedes Zuhause passen.<\/p>\n<h2 data-path-to-node=\"7\">Warum unsere Osterdekoration w\u00e4hlen?<\/h2>\n<ul data-path-to-node=\"8\">\n<li>\n<p data-path-to-node=\"8,0,0\"><b data-path-to-node=\"8,0,0\" data-index-in-node=\"0\">Nat\u00fcrliche Materialien:<\/b> Hergestellt aus hochwertigem 3 mm dickem Pappel-Sperrholz.<\/p>\n<\/li>\n<li>\n<p data-path-to-node=\"8,1,0\"><b data-path-to-node=\"8,1,0\" data-index-in-node=\"0\">Stabilit\u00e4t:<\/b> Ein massiver Holzsockel sorgt daf\u00fcr, dass der Hase sicher auf jeder ebenen Fl\u00e4che steht.<\/p>\n<\/li>\n<li>\n<p data-path-to-node=\"8,2,0\"><b data-path-to-node=\"8,2,0\" data-index-in-node=\"0\">Handarbeit:<\/b> Jedes Produkt ist das Ergebnis eigener Herstellung.<\/p>\n<\/li>\n<li>\n<p data-path-to-node=\"8,3,0\"><b data-path-to-node=\"8,3,0\" data-index-in-node=\"0\">Langlebigkeit:<\/b> Die Oberfl\u00e4che ist mit Lack gesch\u00fctzt, sodass die Dekoration Ihr Zuhause viele Jahre lang schm\u00fccken wird.<\/p>\n<\/li>\n<\/ul>\n<h2 data-path-to-node=\"9\">Ideen f\u00fcr die Platzierung und als Geschenk<\/h2>\n<p data-path-to-node=\"10\">Diese <b data-path-to-node=\"10\" data-index-in-node=\"3\">Osterhase<\/b> ist ideal als <b data-path-to-node=\"10\" data-index-in-node=\"37\">Geschenk<\/b>. Stellen Sie ihn in die Mitte des Tisches neben frische Fr\u00fchlingsblumen oder verschenken Sie ihn anstelle klassischer Schokoladenfiguren.<\/p>\n<p data-path-to-node=\"11\"><b data-path-to-node=\"11\" data-index-in-node=\"0\">Wichtige Produktinformationen:<\/b><\/p>\n<ul data-path-to-node=\"12\">\n<li>\n<p data-path-to-node=\"12,0,0\"><b data-path-to-node=\"12,0,0\" data-index-in-node=\"0\">Abmessungen:<\/b> H\u00f6he 183 mm (inklusive Sockel).<\/p>\n<\/li>\n<li>\n<p data-path-to-node=\"12,1,0\"><b data-path-to-node=\"12,1,0\" data-index-in-node=\"0\">Verwendung:<\/b> Bestimmt f\u00fcr die Dekoration von Innenr\u00e4umen.<\/p>\n<\/li>\n<li>\n<p data-path-to-node=\"12,2,0\"><b data-path-to-node=\"12,2,0\" data-index-in-node=\"0\">Hinweis:<\/b> Das Osterei auf dem Foto ist symbolisch und dient zur Veranschaulichung der Verwendung des St\u00e4nders; es ist nicht im Kauf enthalten.<\/p>\n<\/li>\n<\/ul>\n<p data-path-to-node=\"6,0,0\">","protected":false},"excerpt":{"rendered":"<p>Ein dekorativer h\u00f6lzerner Osterhase auf einem massiven Sockel, der in seinem K\u00f6rbchen ein Osterei tr\u00e4gt, ist dazu gedacht, den Ostertisch aufzupeppen.<\/p>\n<p>&nbsp;<\/p>","protected":false},"featured_media":9146,"comment_status":"closed","ping_status":"closed","template":"","meta":{"_acf_changed":false,"footnotes":""},"product_brand":[],"product_cat":[67],"product_tag":[],"class_list":{"0":"post-9145","1":"product","2":"type-product","3":"status-publish","4":"has-post-thumbnail","6":"product_cat-pomladni-prazniki","8":"first","9":"instock","10":"shipping-taxable","11":"purchasable","12":"product-type-simple"},"acf":[],"tiered_pricing_type":"fixed","tiered_pricing_fixed_rules":[],"tiered_pricing_product_settings":{"layout":"default","base_unit_name":{"singular":null,"plural":null},"default_variation":null},"tiered_pricing_minimum_quantity":null,"tiered_pricing_roles_data":[],"tiered_pricing_percentage_rules":[],"_links":{"self":[{"href":"https:\/\/lasika.si\/de\/wp-json\/wp\/v2\/product\/9145","targetHints":{"allow":["GET"]}}],"collection":[{"href":"https:\/\/lasika.si\/de\/wp-json\/wp\/v2\/product"}],"about":[{"href":"https:\/\/lasika.si\/de\/wp-json\/wp\/v2\/types\/product"}],"replies":[{"embeddable":true,"href":"https:\/\/lasika.si\/de\/wp-json\/wp\/v2\/comments?post=9145"}],"version-history":[{"count":10,"href":"https:\/\/lasika.si\/de\/wp-json\/wp\/v2\/product\/9145\/revisions"}],"predecessor-version":[{"id":9981,"href":"https:\/\/lasika.si\/de\/wp-json\/wp\/v2\/product\/9145\/revisions\/9981"}],"wp:featuredmedia":[{"embeddable":true,"href":"https:\/\/lasika.si\/de\/wp-json\/wp\/v2\/media\/9146"}],"wp:attachment":[{"href":"https:\/\/lasika.si\/de\/wp-json\/wp\/v2\/media?parent=9145"}],"wp:term":[{"taxonomy":"product_brand","embeddable":true,"href":"https:\/\/lasika.si\/de\/wp-json\/wp\/v2\/product_brand?post=9145"},{"taxonomy":"product_cat","embeddable":true,"href":"https:\/\/lasika.si\/de\/wp-json\/wp\/v2\/product_cat?post=9145"},{"taxonomy":"product_tag","embeddable":true,"href":"https:\/\/lasika.si\/de\/wp-json\/wp\/v2\/product_tag?post=9145"}],"curies":[{"name":"wp","href":"https:\/\/api.w.org\/{rel}","templated":true}]}}