{"id":9072,"date":"2026-03-27T07:00:22","date_gmt":"2026-03-27T06:00:22","guid":{"rendered":"https:\/\/lasika.si\/?post_type=product&#038;p=9072"},"modified":"2026-04-07T05:52:47","modified_gmt":"2026-04-07T03:52:47","slug":"lesen-tulipan","status":"publish","type":"product","link":"https:\/\/lasika.si\/de\/produkt\/lesen-tulipan\/","title":{"rendered":"Holztulpe"},"content":{"rendered":"<h3>Eigenschaften:<\/h3>\n<ul>\n<li>Material: Pappel-Sperrholz mit Ausschnitten, 6 mm<\/li>\n<li>Holzsockel f\u00fcr Stabilit\u00e4t<\/li>\n<li>M\u00f6glichkeit, eine Tulpe mit einem Anh\u00e4nger mit Inschrift zu w\u00e4hlen<\/li>\n<li>Zweck: Heimdekoration, Geschenk<\/li>\n<li>einzigartig bemalte Vorderseite (R\u00fcckseite ist in nat\u00fcrlicher Holzfarbe)<\/li>\n<li>Oberfl\u00e4che mit Lack gesch\u00fctzt<\/li>\n<li>Abmessungen: 257 mm (H\u00f6he, einschlie\u00dflich Sockel)<\/li>\n<li>eigene Herstellung<\/li>\n<\/ul>","protected":false},"excerpt":{"rendered":"<p>Eine kleine Aufmerksamkeit, die l\u00e4nger h\u00e4lt als ein Strau\u00df frischer Blumen. Die Holztulpe ist eine handbemalte dekorative Blume, die niemals verwelkt. Sie eignet sich ideal als dauerhaftes Geschenk, mit dem Sie jemandem den Tag versch\u00f6nern, oder als einzigartiges Element f\u00fcr die Dekoration Ihres Zuhauses.<\/p>","protected":false},"featured_media":9124,"comment_status":"closed","ping_status":"closed","template":"","meta":{"_acf_changed":false,"footnotes":""},"product_brand":[],"product_cat":[212,67],"product_tag":[],"class_list":{"0":"post-9072","1":"product","2":"type-product","3":"status-publish","4":"has-post-thumbnail","6":"product_cat-roze-narcise-zvoncki-tulipani","7":"product_cat-pomladni-prazniki","9":"first","10":"instock","11":"featured","12":"shipping-taxable","13":"purchasable","14":"product-type-variable"},"acf":[],"tiered_pricing_type":"fixed","tiered_pricing_fixed_rules":[],"tiered_pricing_product_settings":{"layout":"default","base_unit_name":{"singular":null,"plural":null},"default_variation":null},"tiered_pricing_minimum_quantity":null,"tiered_pricing_roles_data":[],"tiered_pricing_percentage_rules":[],"_links":{"self":[{"href":"https:\/\/lasika.si\/de\/wp-json\/wp\/v2\/product\/9072","targetHints":{"allow":["GET"]}}],"collection":[{"href":"https:\/\/lasika.si\/de\/wp-json\/wp\/v2\/product"}],"about":[{"href":"https:\/\/lasika.si\/de\/wp-json\/wp\/v2\/types\/product"}],"replies":[{"embeddable":true,"href":"https:\/\/lasika.si\/de\/wp-json\/wp\/v2\/comments?post=9072"}],"version-history":[{"count":10,"href":"https:\/\/lasika.si\/de\/wp-json\/wp\/v2\/product\/9072\/revisions"}],"predecessor-version":[{"id":9995,"href":"https:\/\/lasika.si\/de\/wp-json\/wp\/v2\/product\/9072\/revisions\/9995"}],"wp:featuredmedia":[{"embeddable":true,"href":"https:\/\/lasika.si\/de\/wp-json\/wp\/v2\/media\/9124"}],"wp:attachment":[{"href":"https:\/\/lasika.si\/de\/wp-json\/wp\/v2\/media?parent=9072"}],"wp:term":[{"taxonomy":"product_brand","embeddable":true,"href":"https:\/\/lasika.si\/de\/wp-json\/wp\/v2\/product_brand?post=9072"},{"taxonomy":"product_cat","embeddable":true,"href":"https:\/\/lasika.si\/de\/wp-json\/wp\/v2\/product_cat?post=9072"},{"taxonomy":"product_tag","embeddable":true,"href":"https:\/\/lasika.si\/de\/wp-json\/wp\/v2\/product_tag?post=9072"}],"curies":[{"name":"wp","href":"https:\/\/api.w.org\/{rel}","templated":true}]}}