{"id":9000,"date":"2026-02-27T17:52:43","date_gmt":"2026-02-27T16:52:43","guid":{"rendered":"https:\/\/lasika.si\/?post_type=product&#038;p=9000"},"modified":"2026-04-03T07:22:00","modified_gmt":"2026-04-03T05:22:00","slug":"leseni-srcki-ljubezen","status":"publish","type":"product","link":"https:\/\/lasika.si\/de\/produkt\/leseni-srcki-ljubezen\/","title":{"rendered":"Holzherzen \u2013 Liebe"},"content":{"rendered":"<h3>Eigenschaften:<\/h3>\n<ul>\n<li>Material: Pappel-Sperrholz 4 mm<\/li>\n<li>mit aufgeklebtem Schriftzug 3 mm oder ohne Schriftzug<\/li>\n<li>Zweck: Geschenk<\/li>\n<li>Oberfl\u00e4che mit Lack gesch\u00fctzt<\/li>\n<li>Gr\u00f6\u00dfe 61 x 61 mm<\/li>\n<li>eigene Herstellung<\/li>\n<\/ul>","protected":false},"excerpt":{"rendered":"<p>Suchen Sie ein Detail, das Ihr Geschenk aufpeppt? <b data-path-to-node=\"5\" data-index-in-node=\"44\">Rotes Holzherz<\/b>\u00a0ist als eigenst\u00e4ndiger Anh\u00e4nger oder Dekoration f\u00fcr verschiedene Anl\u00e4sse geeignet. Aufgrund seiner Farbe und Form dient es als einfaches Zeichen der Zuneigung, das mit der beiliegenden Schnur aufgeh\u00e4ngt werden kann.<\/p>","protected":false},"featured_media":8989,"comment_status":"closed","ping_status":"closed","template":"","meta":{"_acf_changed":false,"footnotes":""},"product_brand":[],"product_cat":[211],"product_tag":[],"class_list":{"0":"post-9000","1":"product","2":"type-product","3":"status-publish","4":"has-post-thumbnail","6":"product_cat-srcki","8":"first","9":"instock","10":"shipping-taxable","11":"purchasable","12":"product-type-variable"},"acf":[],"tiered_pricing_type":"fixed","tiered_pricing_fixed_rules":[],"tiered_pricing_product_settings":{"layout":"default","base_unit_name":{"singular":null,"plural":null},"default_variation":null},"tiered_pricing_minimum_quantity":null,"tiered_pricing_roles_data":[],"tiered_pricing_percentage_rules":[],"_links":{"self":[{"href":"https:\/\/lasika.si\/de\/wp-json\/wp\/v2\/product\/9000","targetHints":{"allow":["GET"]}}],"collection":[{"href":"https:\/\/lasika.si\/de\/wp-json\/wp\/v2\/product"}],"about":[{"href":"https:\/\/lasika.si\/de\/wp-json\/wp\/v2\/types\/product"}],"replies":[{"embeddable":true,"href":"https:\/\/lasika.si\/de\/wp-json\/wp\/v2\/comments?post=9000"}],"version-history":[{"count":8,"href":"https:\/\/lasika.si\/de\/wp-json\/wp\/v2\/product\/9000\/revisions"}],"predecessor-version":[{"id":10353,"href":"https:\/\/lasika.si\/de\/wp-json\/wp\/v2\/product\/9000\/revisions\/10353"}],"wp:featuredmedia":[{"embeddable":true,"href":"https:\/\/lasika.si\/de\/wp-json\/wp\/v2\/media\/8989"}],"wp:attachment":[{"href":"https:\/\/lasika.si\/de\/wp-json\/wp\/v2\/media?parent=9000"}],"wp:term":[{"taxonomy":"product_brand","embeddable":true,"href":"https:\/\/lasika.si\/de\/wp-json\/wp\/v2\/product_brand?post=9000"},{"taxonomy":"product_cat","embeddable":true,"href":"https:\/\/lasika.si\/de\/wp-json\/wp\/v2\/product_cat?post=9000"},{"taxonomy":"product_tag","embeddable":true,"href":"https:\/\/lasika.si\/de\/wp-json\/wp\/v2\/product_tag?post=9000"}],"curies":[{"name":"wp","href":"https:\/\/api.w.org\/{rel}","templated":true}]}}