{"id":8995,"date":"2026-02-27T06:28:36","date_gmt":"2026-02-27T05:28:36","guid":{"rendered":"https:\/\/lasika.si\/?post_type=product&#038;p=8995"},"modified":"2026-03-28T16:58:16","modified_gmt":"2026-03-28T15:58:16","slug":"lesen-srcek-rojstni-dan","status":"publish","type":"product","link":"https:\/\/lasika.si\/de\/produkt\/lesen-srcek-rojstni-dan\/","title":{"rendered":"Holzherz - Geburtstag"},"content":{"rendered":"<h3>Eigenschaften:<\/h3>\n<ul>\n<li>Material: Pappel-Sperrholz 4 mm<\/li>\n<li>aufgeklebtes Motiv 3 mm<\/li>\n<li>Auswahlm\u00f6glichkeit: Anh\u00e4nger oder Magnet<\/li>\n<li>Zweck: Geschenk<\/li>\n<li>Handbemalung<\/li>\n<li>Oberfl\u00e4che mit Lack gesch\u00fctzt<\/li>\n<li>Gr\u00f6\u00dfe 64 x 61 mm<\/li>\n<li>eigene Herstellung<\/li>\n<\/ul>","protected":false},"excerpt":{"rendered":"<p>Suchen Sie eine kleine Aufmerksamkeit zum Geburtstag? Ein Herz aus Holz mit der Aufschrift <b data-path-to-node=\"1\" data-index-in-node=\"63\">\u201cAlles Gute\u201d<\/b> ist ein Geschenk, das dem Geburtstagskind an seinem besonderen Tag in Erinnerung bleiben wird. Sie k\u00f6nnen einen Anh\u00e4nger mit einer Schnur oder einen praktischen Magneten f\u00fcr die t\u00e4gliche Erinnerung w\u00e4hlen.<\/p>","protected":false},"featured_media":8992,"comment_status":"closed","ping_status":"closed","template":"","meta":{"_acf_changed":false,"footnotes":""},"product_brand":[],"product_cat":[211],"product_tag":[],"class_list":{"0":"post-8995","1":"product","2":"type-product","3":"status-publish","4":"has-post-thumbnail","6":"product_cat-srcki","8":"first","9":"instock","10":"shipping-taxable","11":"purchasable","12":"product-type-variable"},"acf":[],"tiered_pricing_type":"fixed","tiered_pricing_fixed_rules":[],"tiered_pricing_product_settings":{"layout":"default","base_unit_name":{"singular":null,"plural":null},"default_variation":null},"tiered_pricing_minimum_quantity":null,"tiered_pricing_roles_data":[],"tiered_pricing_percentage_rules":[],"_links":{"self":[{"href":"https:\/\/lasika.si\/de\/wp-json\/wp\/v2\/product\/8995","targetHints":{"allow":["GET"]}}],"collection":[{"href":"https:\/\/lasika.si\/de\/wp-json\/wp\/v2\/product"}],"about":[{"href":"https:\/\/lasika.si\/de\/wp-json\/wp\/v2\/types\/product"}],"replies":[{"embeddable":true,"href":"https:\/\/lasika.si\/de\/wp-json\/wp\/v2\/comments?post=8995"}],"version-history":[{"count":5,"href":"https:\/\/lasika.si\/de\/wp-json\/wp\/v2\/product\/8995\/revisions"}],"predecessor-version":[{"id":9233,"href":"https:\/\/lasika.si\/de\/wp-json\/wp\/v2\/product\/8995\/revisions\/9233"}],"wp:featuredmedia":[{"embeddable":true,"href":"https:\/\/lasika.si\/de\/wp-json\/wp\/v2\/media\/8992"}],"wp:attachment":[{"href":"https:\/\/lasika.si\/de\/wp-json\/wp\/v2\/media?parent=8995"}],"wp:term":[{"taxonomy":"product_brand","embeddable":true,"href":"https:\/\/lasika.si\/de\/wp-json\/wp\/v2\/product_brand?post=8995"},{"taxonomy":"product_cat","embeddable":true,"href":"https:\/\/lasika.si\/de\/wp-json\/wp\/v2\/product_cat?post=8995"},{"taxonomy":"product_tag","embeddable":true,"href":"https:\/\/lasika.si\/de\/wp-json\/wp\/v2\/product_tag?post=8995"}],"curies":[{"name":"wp","href":"https:\/\/api.w.org\/{rel}","templated":true}]}}