{"id":8972,"date":"2026-02-27T06:20:45","date_gmt":"2026-02-27T05:20:45","guid":{"rendered":"https:\/\/lasika.si\/?post_type=product&#038;p=8972"},"modified":"2026-04-03T07:22:36","modified_gmt":"2026-04-03T05:22:36","slug":"leseni-srcki-ljubezen-2","status":"publish","type":"product","link":"https:\/\/lasika.si\/de\/produkt\/leseni-srcki-ljubezen-2\/","title":{"rendered":"Holzherzen \u2013 Liebe 2"},"content":{"rendered":"<h3>Eigenschaften:<\/h3>\n<ul>\n<li>Material: Pappel-Sperrholz 4 mm<\/li>\n<li>aufgeklebtes Motiv (Bonbon) 3 mm<\/li>\n<li>Auswahlm\u00f6glichkeit: Anh\u00e4nger oder Magnet<\/li>\n<li>Zweck: Geschenk<\/li>\n<li>Handbemalung<\/li>\n<li>Oberfl\u00e4che mit Lack gesch\u00fctzt<\/li>\n<li>Gr\u00f6\u00dfe 61 x 61 mm<\/li>\n<li>eigene Herstellung<\/li>\n<\/ul>","protected":false},"excerpt":{"rendered":"<p>Suchen Sie nach einer kleinen Aufmerksamkeit, die in guter Erinnerung bleibt? Holzherzen sind ein Zeichen der Zuneigung. Sie k\u00f6nnen einen Anh\u00e4nger mit einer Schnur oder einen praktischen Magneten f\u00fcr die t\u00e4gliche Erinnerung w\u00e4hlen.<\/p>","protected":false},"featured_media":8984,"comment_status":"closed","ping_status":"closed","template":"","meta":{"_acf_changed":false,"footnotes":""},"product_brand":[],"product_cat":[211],"product_tag":[],"class_list":{"0":"post-8972","1":"product","2":"type-product","3":"status-publish","4":"has-post-thumbnail","6":"product_cat-srcki","8":"first","9":"instock","10":"shipping-taxable","11":"purchasable","12":"product-type-variable"},"acf":[],"tiered_pricing_type":"fixed","tiered_pricing_fixed_rules":[],"tiered_pricing_product_settings":{"layout":"default","base_unit_name":{"singular":null,"plural":null},"default_variation":null},"tiered_pricing_minimum_quantity":null,"tiered_pricing_roles_data":[],"tiered_pricing_percentage_rules":[],"_links":{"self":[{"href":"https:\/\/lasika.si\/de\/wp-json\/wp\/v2\/product\/8972","targetHints":{"allow":["GET"]}}],"collection":[{"href":"https:\/\/lasika.si\/de\/wp-json\/wp\/v2\/product"}],"about":[{"href":"https:\/\/lasika.si\/de\/wp-json\/wp\/v2\/types\/product"}],"replies":[{"embeddable":true,"href":"https:\/\/lasika.si\/de\/wp-json\/wp\/v2\/comments?post=8972"}],"version-history":[{"count":9,"href":"https:\/\/lasika.si\/de\/wp-json\/wp\/v2\/product\/8972\/revisions"}],"predecessor-version":[{"id":9239,"href":"https:\/\/lasika.si\/de\/wp-json\/wp\/v2\/product\/8972\/revisions\/9239"}],"wp:featuredmedia":[{"embeddable":true,"href":"https:\/\/lasika.si\/de\/wp-json\/wp\/v2\/media\/8984"}],"wp:attachment":[{"href":"https:\/\/lasika.si\/de\/wp-json\/wp\/v2\/media?parent=8972"}],"wp:term":[{"taxonomy":"product_brand","embeddable":true,"href":"https:\/\/lasika.si\/de\/wp-json\/wp\/v2\/product_brand?post=8972"},{"taxonomy":"product_cat","embeddable":true,"href":"https:\/\/lasika.si\/de\/wp-json\/wp\/v2\/product_cat?post=8972"},{"taxonomy":"product_tag","embeddable":true,"href":"https:\/\/lasika.si\/de\/wp-json\/wp\/v2\/product_tag?post=8972"}],"curies":[{"name":"wp","href":"https:\/\/api.w.org\/{rel}","templated":true}]}}