{"id":8875,"date":"2026-02-26T05:53:13","date_gmt":"2026-02-26T04:53:13","guid":{"rendered":"https:\/\/lasika.si\/?post_type=product&#038;p=8875"},"modified":"2026-03-28T17:00:07","modified_gmt":"2026-03-28T16:00:07","slug":"ribnica-leseni-obeski-in-magnetki","status":"publish","type":"product","link":"https:\/\/lasika.si\/de\/produkt\/ribnica-leseni-obeski-in-magnetki\/","title":{"rendered":"Ribnica, Holzanh\u00e4nger und Magnete"},"content":{"rendered":"<h3>Eigenschaften:<\/h3>\n<ul>\n<li>Material: Pappel-Sperrholz 4 mm<\/li>\n<li>Wahlm\u00f6glichkeit zwischen Anh\u00e4nger oder Magnet<\/li>\n<li>Zweck: Souvenir<\/li>\n<li>Handbemalung<\/li>\n<li>Oberfl\u00e4che mit Lack gesch\u00fctzt<\/li>\n<li>eigene Herstellung<\/li>\n<\/ul>","protected":false},"excerpt":{"rendered":"<p>Holz-Souvenir \u00bbRibnica\u00ab \u2013 eine kleine Aufmerksamkeit, die die Geschichte des Ortes erz\u00e4hlt. Ein Geschenk f\u00fcr Freunde aus dem Ausland, Liebhaber des slowenischen Erbes oder als bleibende Erinnerung f\u00fcr jedes Zuhause. Sie k\u00f6nnen zwischen einem Anh\u00e4nger mit Kordel oder einem praktischen Magneten als Andenken w\u00e4hlen.<\/p>","protected":false},"featured_media":8930,"comment_status":"closed","ping_status":"closed","template":"","meta":{"_acf_changed":false,"footnotes":""},"product_brand":[],"product_cat":[59],"product_tag":[],"class_list":{"0":"post-8875","1":"product","2":"type-product","3":"status-publish","4":"has-post-thumbnail","6":"product_cat-spominki","8":"first","9":"instock","10":"shipping-taxable","11":"purchasable","12":"product-type-variable"},"acf":[],"tiered_pricing_type":"fixed","tiered_pricing_fixed_rules":[],"tiered_pricing_product_settings":{"layout":"default","base_unit_name":{"singular":null,"plural":null},"default_variation":null},"tiered_pricing_minimum_quantity":null,"tiered_pricing_roles_data":[],"tiered_pricing_percentage_rules":[],"_links":{"self":[{"href":"https:\/\/lasika.si\/de\/wp-json\/wp\/v2\/product\/8875","targetHints":{"allow":["GET"]}}],"collection":[{"href":"https:\/\/lasika.si\/de\/wp-json\/wp\/v2\/product"}],"about":[{"href":"https:\/\/lasika.si\/de\/wp-json\/wp\/v2\/types\/product"}],"replies":[{"embeddable":true,"href":"https:\/\/lasika.si\/de\/wp-json\/wp\/v2\/comments?post=8875"}],"version-history":[{"count":6,"href":"https:\/\/lasika.si\/de\/wp-json\/wp\/v2\/product\/8875\/revisions"}],"predecessor-version":[{"id":9243,"href":"https:\/\/lasika.si\/de\/wp-json\/wp\/v2\/product\/8875\/revisions\/9243"}],"wp:featuredmedia":[{"embeddable":true,"href":"https:\/\/lasika.si\/de\/wp-json\/wp\/v2\/media\/8930"}],"wp:attachment":[{"href":"https:\/\/lasika.si\/de\/wp-json\/wp\/v2\/media?parent=8875"}],"wp:term":[{"taxonomy":"product_brand","embeddable":true,"href":"https:\/\/lasika.si\/de\/wp-json\/wp\/v2\/product_brand?post=8875"},{"taxonomy":"product_cat","embeddable":true,"href":"https:\/\/lasika.si\/de\/wp-json\/wp\/v2\/product_cat?post=8875"},{"taxonomy":"product_tag","embeddable":true,"href":"https:\/\/lasika.si\/de\/wp-json\/wp\/v2\/product_tag?post=8875"}],"curies":[{"name":"wp","href":"https:\/\/api.w.org\/{rel}","templated":true}]}}