{"id":8868,"date":"2026-02-25T06:25:01","date_gmt":"2026-02-25T05:25:01","guid":{"rendered":"https:\/\/lasika.si\/?post_type=product&#038;p=8868"},"modified":"2026-04-08T05:41:58","modified_gmt":"2026-04-08T03:41:58","slug":"leseni-zvoncki","status":"publish","type":"product","link":"https:\/\/lasika.si\/de\/produkt\/leseni-zvoncki\/","title":{"rendered":"Holz-Schneegl\u00f6ckchen"},"content":{"rendered":"<h3>Eigenschaften:<\/h3>\n<ul>\n<li>material: topolova vezana plo\u0161\u010da 3 mm<\/li>\n<li>Holzsockel f\u00fcr Stabilit\u00e4t<\/li>\n<li>Zweck: Heimdekoration, Geschenk<\/li>\n<li>einzigartig bemalte Vorderseite (R\u00fcckseite ist in nat\u00fcrlicher Holzfarbe)<\/li>\n<li>Oberfl\u00e4che mit Lack gesch\u00fctzt<\/li>\n<li>dimenzije: 155 mm (vi\u0161ina, vklju\u010dno s podstavkom)<\/li>\n<li>eigene Herstellung<\/li>\n<\/ul>","protected":false},"excerpt":{"rendered":"<p>Lesen zvon\u010dek prina\u0161a tisti prvi ob\u010dutek topline in prebujanja, ki ga vsi komaj \u010dakamo. Je popolna izbira za pomladne praznike, saj s svojo ne\u017enostjo lepo dopolnjuje velikono\u010dno dekoracijo ali pa slu\u017ei kot prisr\u010dno trajno darilo za 8. marec in materinski dan.<\/p>","protected":false},"featured_media":8869,"comment_status":"closed","ping_status":"closed","template":"","meta":{"_acf_changed":false,"footnotes":""},"product_brand":[],"product_cat":[212,67],"product_tag":[],"class_list":{"0":"post-8868","1":"product","2":"type-product","3":"status-publish","4":"has-post-thumbnail","6":"product_cat-roze-narcise-zvoncki-tulipani","7":"product_cat-pomladni-prazniki","9":"first","10":"instock","11":"shipping-taxable","12":"purchasable","13":"product-type-simple"},"acf":[],"tiered_pricing_type":"fixed","tiered_pricing_fixed_rules":[],"tiered_pricing_product_settings":{"layout":"default","base_unit_name":{"singular":null,"plural":null},"default_variation":null},"tiered_pricing_minimum_quantity":null,"tiered_pricing_roles_data":[],"tiered_pricing_percentage_rules":[],"_links":{"self":[{"href":"https:\/\/lasika.si\/de\/wp-json\/wp\/v2\/product\/8868","targetHints":{"allow":["GET"]}}],"collection":[{"href":"https:\/\/lasika.si\/de\/wp-json\/wp\/v2\/product"}],"about":[{"href":"https:\/\/lasika.si\/de\/wp-json\/wp\/v2\/types\/product"}],"replies":[{"embeddable":true,"href":"https:\/\/lasika.si\/de\/wp-json\/wp\/v2\/comments?post=8868"}],"version-history":[{"count":6,"href":"https:\/\/lasika.si\/de\/wp-json\/wp\/v2\/product\/8868\/revisions"}],"predecessor-version":[{"id":9859,"href":"https:\/\/lasika.si\/de\/wp-json\/wp\/v2\/product\/8868\/revisions\/9859"}],"wp:featuredmedia":[{"embeddable":true,"href":"https:\/\/lasika.si\/de\/wp-json\/wp\/v2\/media\/8869"}],"wp:attachment":[{"href":"https:\/\/lasika.si\/de\/wp-json\/wp\/v2\/media?parent=8868"}],"wp:term":[{"taxonomy":"product_brand","embeddable":true,"href":"https:\/\/lasika.si\/de\/wp-json\/wp\/v2\/product_brand?post=8868"},{"taxonomy":"product_cat","embeddable":true,"href":"https:\/\/lasika.si\/de\/wp-json\/wp\/v2\/product_cat?post=8868"},{"taxonomy":"product_tag","embeddable":true,"href":"https:\/\/lasika.si\/de\/wp-json\/wp\/v2\/product_tag?post=8868"}],"curies":[{"name":"wp","href":"https:\/\/api.w.org\/{rel}","templated":true}]}}