{"id":8863,"date":"2026-02-28T07:56:21","date_gmt":"2026-02-28T06:56:21","guid":{"rendered":"https:\/\/lasika.si\/?post_type=product&#038;p=8863"},"modified":"2026-03-28T16:37:18","modified_gmt":"2026-03-28T15:37:18","slug":"lesena-narcisa","status":"publish","type":"product","link":"https:\/\/lasika.si\/de\/produkt\/lesena-narcisa\/","title":{"rendered":"Holznarzisse"},"content":{"rendered":"<h3>Eigenschaften:<\/h3>\n<ul>\n<li>Material: Pappel-Sperrholz mit Ausschnitten, 6 mm<\/li>\n<li>Holzsockel f\u00fcr Stabilit\u00e4t<\/li>\n<li>Zweck: Heimdekoration, Geschenk<\/li>\n<li>einzigartig bemalte Vorderseite (R\u00fcckseite ist in nat\u00fcrlicher Holzfarbe)<\/li>\n<li>Oberfl\u00e4che mit Lack gesch\u00fctzt<\/li>\n<li>Abmessungen: 257 mm (H\u00f6he mit Sockel)<\/li>\n<li>eigene Herstellung<\/li>\n<\/ul>","protected":false},"excerpt":{"rendered":"<p>Eine kleine Aufmerksamkeit, die l\u00e4nger h\u00e4lt als ein Blumenstrau\u00df echter Blumen. Die h\u00f6lzerne Narzisse ist eine handbemalte Zierblume, die Fr\u00fchlingsfrische in Ihr Zuhause f\u00fcr die kommenden Feiertage bringt.<\/p>","protected":false},"featured_media":8864,"comment_status":"closed","ping_status":"closed","template":"","meta":{"_acf_changed":false,"footnotes":""},"product_brand":[],"product_cat":[212,67],"product_tag":[],"class_list":{"0":"post-8863","1":"product","2":"type-product","3":"status-publish","4":"has-post-thumbnail","6":"product_cat-roze-narcise-zvoncki-tulipani","7":"product_cat-pomladni-prazniki","9":"first","10":"instock","11":"featured","12":"shipping-taxable","13":"purchasable","14":"product-type-simple"},"acf":[],"tiered_pricing_type":"fixed","tiered_pricing_fixed_rules":[],"tiered_pricing_product_settings":{"layout":"default","base_unit_name":{"singular":null,"plural":null},"default_variation":null},"tiered_pricing_minimum_quantity":null,"tiered_pricing_roles_data":[],"tiered_pricing_percentage_rules":[],"_links":{"self":[{"href":"https:\/\/lasika.si\/de\/wp-json\/wp\/v2\/product\/8863","targetHints":{"allow":["GET"]}}],"collection":[{"href":"https:\/\/lasika.si\/de\/wp-json\/wp\/v2\/product"}],"about":[{"href":"https:\/\/lasika.si\/de\/wp-json\/wp\/v2\/types\/product"}],"replies":[{"embeddable":true,"href":"https:\/\/lasika.si\/de\/wp-json\/wp\/v2\/comments?post=8863"}],"version-history":[{"count":7,"href":"https:\/\/lasika.si\/de\/wp-json\/wp\/v2\/product\/8863\/revisions"}],"predecessor-version":[{"id":9857,"href":"https:\/\/lasika.si\/de\/wp-json\/wp\/v2\/product\/8863\/revisions\/9857"}],"wp:featuredmedia":[{"embeddable":true,"href":"https:\/\/lasika.si\/de\/wp-json\/wp\/v2\/media\/8864"}],"wp:attachment":[{"href":"https:\/\/lasika.si\/de\/wp-json\/wp\/v2\/media?parent=8863"}],"wp:term":[{"taxonomy":"product_brand","embeddable":true,"href":"https:\/\/lasika.si\/de\/wp-json\/wp\/v2\/product_brand?post=8863"},{"taxonomy":"product_cat","embeddable":true,"href":"https:\/\/lasika.si\/de\/wp-json\/wp\/v2\/product_cat?post=8863"},{"taxonomy":"product_tag","embeddable":true,"href":"https:\/\/lasika.si\/de\/wp-json\/wp\/v2\/product_tag?post=8863"}],"curies":[{"name":"wp","href":"https:\/\/api.w.org\/{rel}","templated":true}]}}