{"id":8838,"date":"2026-02-25T06:21:24","date_gmt":"2026-02-25T05:21:24","guid":{"rendered":"https:\/\/lasika.si\/?post_type=product&#038;p=8838"},"modified":"2026-03-28T16:38:43","modified_gmt":"2026-03-28T15:38:43","slug":"lesen-nagelj","status":"publish","type":"product","link":"https:\/\/lasika.si\/de\/produkt\/lesen-nagelj\/","title":{"rendered":"Holznelke"},"content":{"rendered":"<h3>Eigenschaften:<\/h3>\n<ul>\n<li>Material: Pappel-Sperrholz mit Ausschnitten, 6 mm<\/li>\n<li>mo\u017enost izbire nageljna z obe\u0161anko z napisom<\/li>\n<li>Zweck: Heimdekoration, Geschenk<\/li>\n<li>einzigartig bemalte Vorderseite (R\u00fcckseite ist in nat\u00fcrlicher Holzfarbe)<\/li>\n<li>Oberfl\u00e4che mit Lack gesch\u00fctzt<\/li>\n<li>dimenzije: 250 mm (vi\u0161ina)<\/li>\n<li>eigene Herstellung<\/li>\n<\/ul>","protected":false},"excerpt":{"rendered":"<p>Drobna pozornost, ki traja dlje od \u0161opka pravih ro\u017e. Lesen nagelj je poslikan dekorativni cvet, primeren je za trajno darilo, s katerim boste nekomu polep\u0161ali dan, ali pa kot unikaten dodatek za dekoracijo va\u0161ega doma.<\/p>\n<p>&nbsp;<\/p>\n<p>&nbsp;<\/p>","protected":false},"featured_media":8855,"comment_status":"closed","ping_status":"closed","template":"","meta":{"_acf_changed":false,"footnotes":""},"product_brand":[],"product_cat":[68],"product_tag":[],"class_list":{"0":"post-8838","1":"product","2":"type-product","3":"status-publish","4":"has-post-thumbnail","6":"product_cat-roze-vrtnice-nagelj","8":"first","9":"instock","10":"shipping-taxable","11":"purchasable","12":"product-type-variable"},"acf":[],"tiered_pricing_type":"fixed","tiered_pricing_fixed_rules":[],"tiered_pricing_product_settings":{"layout":"default","base_unit_name":{"singular":null,"plural":null},"default_variation":null},"tiered_pricing_minimum_quantity":null,"tiered_pricing_roles_data":[],"tiered_pricing_percentage_rules":[],"_links":{"self":[{"href":"https:\/\/lasika.si\/de\/wp-json\/wp\/v2\/product\/8838","targetHints":{"allow":["GET"]}}],"collection":[{"href":"https:\/\/lasika.si\/de\/wp-json\/wp\/v2\/product"}],"about":[{"href":"https:\/\/lasika.si\/de\/wp-json\/wp\/v2\/types\/product"}],"replies":[{"embeddable":true,"href":"https:\/\/lasika.si\/de\/wp-json\/wp\/v2\/comments?post=8838"}],"version-history":[{"count":9,"href":"https:\/\/lasika.si\/de\/wp-json\/wp\/v2\/product\/8838\/revisions"}],"predecessor-version":[{"id":9861,"href":"https:\/\/lasika.si\/de\/wp-json\/wp\/v2\/product\/8838\/revisions\/9861"}],"wp:featuredmedia":[{"embeddable":true,"href":"https:\/\/lasika.si\/de\/wp-json\/wp\/v2\/media\/8855"}],"wp:attachment":[{"href":"https:\/\/lasika.si\/de\/wp-json\/wp\/v2\/media?parent=8838"}],"wp:term":[{"taxonomy":"product_brand","embeddable":true,"href":"https:\/\/lasika.si\/de\/wp-json\/wp\/v2\/product_brand?post=8838"},{"taxonomy":"product_cat","embeddable":true,"href":"https:\/\/lasika.si\/de\/wp-json\/wp\/v2\/product_cat?post=8838"},{"taxonomy":"product_tag","embeddable":true,"href":"https:\/\/lasika.si\/de\/wp-json\/wp\/v2\/product_tag?post=8838"}],"curies":[{"name":"wp","href":"https:\/\/api.w.org\/{rel}","templated":true}]}}