{"id":8735,"date":"2026-02-25T11:00:14","date_gmt":"2026-02-25T10:00:14","guid":{"rendered":"https:\/\/lasika.si\/?post_type=product&#038;p=8735"},"modified":"2026-03-28T16:38:25","modified_gmt":"2026-03-28T15:38:25","slug":"lesena-vrtnica-2","status":"publish","type":"product","link":"https:\/\/lasika.si\/de\/produkt\/lesena-vrtnica-2\/","title":{"rendered":"Holzrose"},"content":{"rendered":"<h3>Eigenschaften:<\/h3>\n<ul>\n<li>Material: Pappel-Sperrholz mit Ausschnitten, 6 mm<\/li>\n<li>Zweck: Heimdekoration, Geschenk<\/li>\n<li>einzigartig bemalte Vorderseite (R\u00fcckseite ist in nat\u00fcrlicher Holzfarbe)<\/li>\n<li>Oberfl\u00e4che mit Lack gesch\u00fctzt<\/li>\n<li>vi\u0161ina: 25,2 cm<\/li>\n<li>eigene Herstellung<\/li>\n<\/ul>","protected":false},"excerpt":{"rendered":"<p><b data-path-to-node=\"4\" data-index-in-node=\"0\">Eine kleine Aufmerksamkeit, die l\u00e4nger h\u00e4lt als ein Strau\u00df echter Blumen.<\/b> Die Rose gilt seit jeher als das st\u00e4rkste Symbol tiefer Gef\u00fchle. Unsere <b data-path-to-node=\"4\" data-index-in-node=\"124\">Holzrose<\/b> ist eine handbemalte dekorative Blume, die den Empf\u00e4nger jeden Tag aufs Neue an Ihre Aufmerksamkeit erinnern wird.<\/p>","protected":false},"featured_media":5812,"comment_status":"closed","ping_status":"closed","template":"","meta":{"_acf_changed":false,"footnotes":""},"product_brand":[],"product_cat":[68],"product_tag":[],"class_list":{"0":"post-8735","1":"product","2":"type-product","3":"status-publish","4":"has-post-thumbnail","6":"product_cat-roze-vrtnice-nagelj","8":"first","9":"instock","10":"shipping-taxable","11":"purchasable","12":"product-type-variable"},"acf":[],"tiered_pricing_type":"fixed","tiered_pricing_fixed_rules":[],"tiered_pricing_product_settings":{"layout":"default","base_unit_name":{"singular":null,"plural":null},"default_variation":null},"tiered_pricing_minimum_quantity":null,"tiered_pricing_roles_data":[],"tiered_pricing_percentage_rules":[],"_links":{"self":[{"href":"https:\/\/lasika.si\/de\/wp-json\/wp\/v2\/product\/8735","targetHints":{"allow":["GET"]}}],"collection":[{"href":"https:\/\/lasika.si\/de\/wp-json\/wp\/v2\/product"}],"about":[{"href":"https:\/\/lasika.si\/de\/wp-json\/wp\/v2\/types\/product"}],"replies":[{"embeddable":true,"href":"https:\/\/lasika.si\/de\/wp-json\/wp\/v2\/comments?post=8735"}],"version-history":[{"count":8,"href":"https:\/\/lasika.si\/de\/wp-json\/wp\/v2\/product\/8735\/revisions"}],"predecessor-version":[{"id":9860,"href":"https:\/\/lasika.si\/de\/wp-json\/wp\/v2\/product\/8735\/revisions\/9860"}],"wp:featuredmedia":[{"embeddable":true,"href":"https:\/\/lasika.si\/de\/wp-json\/wp\/v2\/media\/5812"}],"wp:attachment":[{"href":"https:\/\/lasika.si\/de\/wp-json\/wp\/v2\/media?parent=8735"}],"wp:term":[{"taxonomy":"product_brand","embeddable":true,"href":"https:\/\/lasika.si\/de\/wp-json\/wp\/v2\/product_brand?post=8735"},{"taxonomy":"product_cat","embeddable":true,"href":"https:\/\/lasika.si\/de\/wp-json\/wp\/v2\/product_cat?post=8735"},{"taxonomy":"product_tag","embeddable":true,"href":"https:\/\/lasika.si\/de\/wp-json\/wp\/v2\/product_tag?post=8735"}],"curies":[{"name":"wp","href":"https:\/\/api.w.org\/{rel}","templated":true}]}}