{"id":8648,"date":"2026-02-14T05:56:12","date_gmt":"2026-02-14T04:56:12","guid":{"rendered":"https:\/\/lasika.si\/?post_type=product&#038;p=8648"},"modified":"2026-03-28T16:18:46","modified_gmt":"2026-03-28T15:18:46","slug":"jaslice-obeski","status":"publish","type":"product","link":"https:\/\/lasika.si\/de\/produkt\/jaslice-obeski\/","title":{"rendered":"Jaslice &#8211; obeski"},"content":{"rendered":"<h3>Eigenschaften:<\/h3>\n<ul>\n<li>Material: Eichenfurnier oder Pappel-Sperrholz \u2013 4 mm<\/li>\n<li>Zweck: zum Schm\u00fccken des Weihnachtsbaums, zur festlichen Dekoration des Hauses oder als kleine Aufmerksamkeit beim Schenken<\/li>\n<li>Oberfl\u00e4che: lackiert<\/li>\n<li>Gr\u00f6\u00dfe: 80 x 95 mm<\/li>\n<li>eigene Herstellung<\/li>\n<\/ul>","protected":false},"excerpt":{"rendered":"<p>Festliche Anh\u00e4nger mit Krippenmotiven bringen W\u00e4rme und Tradition in Ihr Zuhause. Sie k\u00f6nnen aus verschiedenen Holzt\u00f6nen w\u00e4hlen, die am besten zu Ihrer Dekoration passen.<\/p>","protected":false},"featured_media":8653,"comment_status":"closed","ping_status":"closed","template":"","meta":{"_acf_changed":false,"footnotes":""},"product_brand":[],"product_cat":[65,66],"product_tag":[],"class_list":{"0":"post-8648","1":"product","2":"type-product","3":"status-publish","4":"has-post-thumbnail","6":"product_cat-darila-za-bozic","7":"product_cat-novoletna-darila","9":"first","10":"instock","11":"shipping-taxable","12":"purchasable","13":"product-type-variable"},"acf":[],"tiered_pricing_type":"fixed","tiered_pricing_fixed_rules":[],"tiered_pricing_product_settings":{"layout":"default","base_unit_name":{"singular":null,"plural":null},"default_variation":null},"tiered_pricing_minimum_quantity":null,"tiered_pricing_roles_data":[],"tiered_pricing_percentage_rules":[],"_links":{"self":[{"href":"https:\/\/lasika.si\/de\/wp-json\/wp\/v2\/product\/8648","targetHints":{"allow":["GET"]}}],"collection":[{"href":"https:\/\/lasika.si\/de\/wp-json\/wp\/v2\/product"}],"about":[{"href":"https:\/\/lasika.si\/de\/wp-json\/wp\/v2\/types\/product"}],"replies":[{"embeddable":true,"href":"https:\/\/lasika.si\/de\/wp-json\/wp\/v2\/comments?post=8648"}],"version-history":[{"count":5,"href":"https:\/\/lasika.si\/de\/wp-json\/wp\/v2\/product\/8648\/revisions"}],"predecessor-version":[{"id":9847,"href":"https:\/\/lasika.si\/de\/wp-json\/wp\/v2\/product\/8648\/revisions\/9847"}],"wp:featuredmedia":[{"embeddable":true,"href":"https:\/\/lasika.si\/de\/wp-json\/wp\/v2\/media\/8653"}],"wp:attachment":[{"href":"https:\/\/lasika.si\/de\/wp-json\/wp\/v2\/media?parent=8648"}],"wp:term":[{"taxonomy":"product_brand","embeddable":true,"href":"https:\/\/lasika.si\/de\/wp-json\/wp\/v2\/product_brand?post=8648"},{"taxonomy":"product_cat","embeddable":true,"href":"https:\/\/lasika.si\/de\/wp-json\/wp\/v2\/product_cat?post=8648"},{"taxonomy":"product_tag","embeddable":true,"href":"https:\/\/lasika.si\/de\/wp-json\/wp\/v2\/product_tag?post=8648"}],"curies":[{"name":"wp","href":"https:\/\/api.w.org\/{rel}","templated":true}]}}