{"id":8637,"date":"2026-02-13T20:09:29","date_gmt":"2026-02-13T19:09:29","guid":{"rendered":"https:\/\/lasika.si\/?post_type=product&#038;p=8637"},"modified":"2026-04-22T21:23:07","modified_gmt":"2026-04-22T19:23:07","slug":"snezinke-obeski","status":"publish","type":"product","link":"https:\/\/lasika.si\/de\/produkt\/snezinke-obeski\/","title":{"rendered":"Sne\u017einke &#8211; obeski"},"content":{"rendered":"<h3>Eigenschaften:<\/h3>\n<ul>\n<li>Material: Pappel-Sperrholz 4 mm<\/li>\n<li>Zweck: zum Schm\u00fccken des Weihnachtsbaums, zur festlichen Dekoration des Hauses oder als kleine Aufmerksamkeit beim Schenken<\/li>\n<li>ohne mitgelieferte Schnur<\/li>\n<li>eigene Herstellung<\/li>\n<\/ul>","protected":false},"excerpt":{"rendered":"<p>Holzanh\u00e4nger in Form von Schneeflocken verleihen Ihrem Weihnachtsbaum einen nat\u00fcrlichen und warmen Touch. Sie sind aus hellem Holz gefertigt, mit pr\u00e4zise ausgeschnittenen Details, die eine echte Winteratmosph\u00e4re schaffen.<\/p>","protected":false},"featured_media":8630,"comment_status":"closed","ping_status":"closed","template":"","meta":{"_acf_changed":false,"footnotes":""},"product_brand":[],"product_cat":[66],"product_tag":[],"class_list":{"0":"post-8637","1":"product","2":"type-product","3":"status-publish","4":"has-post-thumbnail","6":"product_cat-novoletna-darila","8":"first","9":"instock","10":"shipping-taxable","11":"purchasable","12":"product-type-variable"},"acf":[],"tiered_pricing_type":"fixed","tiered_pricing_fixed_rules":[],"tiered_pricing_product_settings":{"layout":"default","base_unit_name":{"singular":null,"plural":null},"default_variation":null},"tiered_pricing_minimum_quantity":null,"tiered_pricing_roles_data":[],"tiered_pricing_percentage_rules":[],"_links":{"self":[{"href":"https:\/\/lasika.si\/de\/wp-json\/wp\/v2\/product\/8637","targetHints":{"allow":["GET"]}}],"collection":[{"href":"https:\/\/lasika.si\/de\/wp-json\/wp\/v2\/product"}],"about":[{"href":"https:\/\/lasika.si\/de\/wp-json\/wp\/v2\/types\/product"}],"replies":[{"embeddable":true,"href":"https:\/\/lasika.si\/de\/wp-json\/wp\/v2\/comments?post=8637"}],"version-history":[{"count":8,"href":"https:\/\/lasika.si\/de\/wp-json\/wp\/v2\/product\/8637\/revisions"}],"predecessor-version":[{"id":9848,"href":"https:\/\/lasika.si\/de\/wp-json\/wp\/v2\/product\/8637\/revisions\/9848"}],"wp:featuredmedia":[{"embeddable":true,"href":"https:\/\/lasika.si\/de\/wp-json\/wp\/v2\/media\/8630"}],"wp:attachment":[{"href":"https:\/\/lasika.si\/de\/wp-json\/wp\/v2\/media?parent=8637"}],"wp:term":[{"taxonomy":"product_brand","embeddable":true,"href":"https:\/\/lasika.si\/de\/wp-json\/wp\/v2\/product_brand?post=8637"},{"taxonomy":"product_cat","embeddable":true,"href":"https:\/\/lasika.si\/de\/wp-json\/wp\/v2\/product_cat?post=8637"},{"taxonomy":"product_tag","embeddable":true,"href":"https:\/\/lasika.si\/de\/wp-json\/wp\/v2\/product_tag?post=8637"}],"curies":[{"name":"wp","href":"https:\/\/api.w.org\/{rel}","templated":true}]}}