{"id":6525,"date":"2025-12-24T10:49:33","date_gmt":"2025-12-24T09:49:33","guid":{"rendered":"https:\/\/lasika.si\/?post_type=product&#038;p=6525"},"modified":"2026-04-22T06:17:22","modified_gmt":"2026-04-22T04:17:22","slug":"lesene-svece-zgane-barve-v-treh-velikostih","status":"publish","type":"product","link":"https:\/\/lasika.si\/de\/produkt\/lesene-svece-zgane-barve-v-treh-velikostih\/","title":{"rendered":"Holzkerzen im Feuerbrand-Look, in den Gr\u00f6\u00dfen L, M, S"},"content":{"rendered":"<h3 data-path-to-node=\"12\">Dauerhafte und umweltfreundliche Grabdekoration<\/h3>\n<p data-path-to-node=\"13\">Suchen Sie eine Alternative zu herk\u00f6mmlichen Plastikkerzen? Unsere <b data-path-to-node=\"13\" data-index-in-node=\"53\"><a href=\"https:\/\/lasika.si\/de\/trgovina\/spomini-in-poklon\/lesene-nagrobne-svece\/lesene-svece-na-piku-iz-masivne-smreke\/\">Holzkerzen<\/a> gebrannte Farbe<\/b> vereinen Tradition und Nachhaltigkeit. Jede Kerze ist ein Unikat, da der Brennvorgang die nat\u00fcrlichen Jahresringe und die Struktur des massiven Fichtenholzes hervorhebt.<\/p>\n<h3 data-path-to-node=\"14\">Warum Lasika Holzkerzen w\u00e4hlen?<\/h3>\n<ul data-path-to-node=\"15\">\n<li>\n<p data-path-to-node=\"15,0,0\"><b data-path-to-node=\"15,0,0\" data-index-in-node=\"0\">Nat\u00fcrliches Aussehen:<\/b> Die gebrannte Farbe verleiht der Kerze ein warmes, rustikales Aussehen, das sich wunderbar f\u00fcr Grabschmuck und Grabarrangements eignet.<\/p>\n<\/li>\n<li>\n<p data-path-to-node=\"15,1,0\"><b data-path-to-node=\"15,1,0\" data-index-in-node=\"0\">Drei Gr\u00f6\u00dfen (L, M, S):<\/b> Sie k\u00f6nnen aus drei Gr\u00f6\u00dfen w\u00e4hlen, die kreative Kombinationen in Blumendekorationen erm\u00f6glichen.<\/p>\n<\/li>\n<li>\n<p data-path-to-node=\"15,2,0\"><b data-path-to-node=\"15,2,0\" data-index-in-node=\"0\">Handarbeit:<\/b> Jedes St\u00fcck ist sorgf\u00e4ltig ge\u00f6lt, was eine lange Lebensdauer und Schutz vor Feuchtigkeit und UV-Strahlen gew\u00e4hrleistet.<\/p>\n<\/li>\n<li>\n<p data-path-to-node=\"15,3,0\"><b data-path-to-node=\"15,3,0\" data-index-in-node=\"0\">Vielseitigkeit:<\/b> Geeignet zum direkten Einstecken in die Erde am Grab oder als zentrales Element in Blumenarrangements.<\/p>\n<\/li>\n<li>\n<p data-path-to-node=\"8,0,0\"><b data-path-to-node=\"8,0,0\" data-index-in-node=\"0\">Umweltfreundliche Wahl:<\/b> Frei von Plastik und Wachsabf\u00e4llen.<\/p>\n<\/li>\n<li>\n<p data-path-to-node=\"8,1,0\"><b data-path-to-node=\"8,1,0\" data-index-in-node=\"0\">Hohe Haltbarkeit:<\/b> Ge\u00f6ltes Holz, witterungsbest\u00e4ndig.<\/p>\n<\/li>\n<li>\n<p data-path-to-node=\"8,2,0\"><b data-path-to-node=\"8,2,0\" data-index-in-node=\"0\">Einfache Handhabung:<\/b> Die Spitze erm\u00f6glicht ein einfaches Einstecken in die Erde oder ein Blumenarrangement.<\/p>\n<\/li>\n<li>\n<p data-path-to-node=\"8,3,0\"><b data-path-to-node=\"8,3,0\" data-index-in-node=\"0\">Slowenisches Produkt:<\/b> Hergestellt aus lokalem Holz. Mit seiner Nachhaltigkeit sorgen Sie f\u00fcr ein sch\u00f6nes Aussehen des Grabes, ohne die Umwelt unn\u00f6tig zu belasten.<\/p>\n<\/li>\n<\/ul>\n<p>&nbsp;<\/p>","protected":false},"excerpt":{"rendered":"<p data-path-to-node=\"7\">Bewahren Sie die Erinnerung an Ihre Liebsten mit einer einzigartigen <b data-path-to-node=\"7\" data-index-in-node=\"46\">\u00f6kologischen Holzkerze<\/b>. Die massiven Holzkerzen werden aus hochwertigem Fichtenholz gefertigt und mit \u00d6l behandelt, um eine hohe Widerstandsf\u00e4higkeit gegen \u00e4u\u00dfere Einfl\u00fcsse zu gew\u00e4hrleisten. Durch die gebrannte Holzstruktur besticht jede Kerze mit ihrer nat\u00fcrlichen, einzigartigen Sch\u00f6nheit.<\/p>","protected":false},"featured_media":6538,"comment_status":"closed","ping_status":"closed","template":"","meta":{"_acf_changed":false,"footnotes":""},"product_brand":[],"product_cat":[58],"product_tag":[],"class_list":{"0":"post-6525","1":"product","2":"type-product","3":"status-publish","4":"has-post-thumbnail","6":"product_cat-lesene-svece-na-piku-iz-masivne-smreke","8":"first","9":"instock","10":"featured","11":"shipping-taxable","12":"purchasable","13":"product-type-variable"},"acf":[],"tiered_pricing_type":"fixed","tiered_pricing_fixed_rules":[],"tiered_pricing_product_settings":{"layout":"default","base_unit_name":{"singular":null,"plural":null},"default_variation":null},"tiered_pricing_minimum_quantity":null,"tiered_pricing_roles_data":[],"tiered_pricing_percentage_rules":[],"_links":{"self":[{"href":"https:\/\/lasika.si\/de\/wp-json\/wp\/v2\/product\/6525","targetHints":{"allow":["GET"]}}],"collection":[{"href":"https:\/\/lasika.si\/de\/wp-json\/wp\/v2\/product"}],"about":[{"href":"https:\/\/lasika.si\/de\/wp-json\/wp\/v2\/types\/product"}],"replies":[{"embeddable":true,"href":"https:\/\/lasika.si\/de\/wp-json\/wp\/v2\/comments?post=6525"}],"version-history":[{"count":16,"href":"https:\/\/lasika.si\/de\/wp-json\/wp\/v2\/product\/6525\/revisions"}],"predecessor-version":[{"id":10298,"href":"https:\/\/lasika.si\/de\/wp-json\/wp\/v2\/product\/6525\/revisions\/10298"}],"wp:featuredmedia":[{"embeddable":true,"href":"https:\/\/lasika.si\/de\/wp-json\/wp\/v2\/media\/6538"}],"wp:attachment":[{"href":"https:\/\/lasika.si\/de\/wp-json\/wp\/v2\/media?parent=6525"}],"wp:term":[{"taxonomy":"product_brand","embeddable":true,"href":"https:\/\/lasika.si\/de\/wp-json\/wp\/v2\/product_brand?post=6525"},{"taxonomy":"product_cat","embeddable":true,"href":"https:\/\/lasika.si\/de\/wp-json\/wp\/v2\/product_cat?post=6525"},{"taxonomy":"product_tag","embeddable":true,"href":"https:\/\/lasika.si\/de\/wp-json\/wp\/v2\/product_tag?post=6525"}],"curies":[{"name":"wp","href":"https:\/\/api.w.org\/{rel}","templated":true}]}}