{"id":6506,"date":"2025-12-24T10:25:58","date_gmt":"2025-12-24T09:25:58","guid":{"rendered":"https:\/\/lasika.si\/?post_type=product&#038;p=6506"},"modified":"2026-04-22T06:17:54","modified_gmt":"2026-04-22T04:17:54","slug":"lesene-svece-z-razlicnimi-gravurami","status":"publish","type":"product","link":"https:\/\/lasika.si\/de\/produkt\/lesene-svece-z-razlicnimi-gravurami\/","title":{"rendered":"Holzkerzen in Naturfarbe, Gr\u00f6\u00dfe L, M, S"},"content":{"rendered":"<h2 data-path-to-node=\"2\">Holzkerzen in Naturfarbe \u2013 zeitlose Eleganz von massivem Holz<\/h2>\n<p data-path-to-node=\"3\">Suchen Sie eine dezente und dennoch w\u00fcrdevolle Alternative zu klassischen Grabkerzen? <b data-path-to-node=\"3\" data-index-in-node=\"81\"><a href=\"https:\/\/lasika.si\/de\/trgovina\/spomini-in-poklon\/lesene-nagrobne-svece\/lesene-svece-na-piku-iz-masivne-smreke\/\">Holzkerzen<\/a> in Naturfarbe<\/b> sind f\u00fcr diejenigen geschaffen, die die Reinheit des Materials und einen minimalistischen Look sch\u00e4tzen. Hergestellt aus sorgf\u00e4ltig ausgew\u00e4hltem <b data-path-to-node=\"3\" data-index-in-node=\"214\">massivem Fichtenholz und belasten<\/b> die Umwelt nicht.<br \/>\nIm Gegensatz zu gebrannten Varianten stellt die nat\u00fcrliche Kollektion die <b data-path-to-node=\"4\" data-index-in-node=\"70\">zarten T\u00f6ne der Holzmaserung<\/b>.<\/p>\n<h3 data-path-to-node=\"5\">in den Vordergrund. Warum eine nat\u00fcrliche Holzkerze von Lasika w\u00e4hlen?<\/h3>\n<ul data-path-to-node=\"6\">\n<li>\n<p data-path-to-node=\"6,0,0\"><b data-path-to-node=\"6,0,0\" data-index-in-node=\"0\">Authentischer Natur-Look:<\/b> Die helle Farbe des Fichtenholzes sorgt f\u00fcr ein sanftes und klares \u00e4sthetisches Erscheinungsbild, das sich perfekt in jede Blumendekoration oder Grabgestaltung einf\u00fcgt.<\/p>\n<\/li>\n<li>\n<p data-path-to-node=\"6,1,0\"><b data-path-to-node=\"6,1,0\" data-index-in-node=\"0\">Drei Gr\u00f6\u00dfen f\u00fcr perfekte Kombinationen:<\/b> Erh\u00e4ltlich in den Gr\u00f6\u00dfen <b data-path-to-node=\"6,1,0\" data-index-in-node=\"61\">L, M in S<\/b>, da erm\u00f6glicht die Schaffung einzigartiger Gruppendekorationen in verschiedenen H\u00f6hen.<\/p>\n<\/li>\n<li>\n<p data-path-to-node=\"6,2,0\"><b data-path-to-node=\"6,2,0\" data-index-in-node=\"0\">Handveredelung und Schutz:<\/b> Jede Kerze ist geschliffen und mit einem hochwertigen \u00d6l gesch\u00fctzt, das die nat\u00fcrliche Textur bewahrt und die Best\u00e4ndigkeit gegen Feuchtigkeit und Au\u00dfentemperaturen erh\u00f6ht.<\/p>\n<\/li>\n<li>\n<p data-path-to-node=\"6,3,0\"><b data-path-to-node=\"6,3,0\" data-index-in-node=\"0\">Eine \u00f6kologische und nachhaltige Wahl:<\/b> Ohne Plastik, ohne Paraffin und ohne Wachsabfall. Am Ende ihrer Lebensdauer zersetzt sich die Kerze auf nat\u00fcrliche Weise.<\/p>\n<\/li>\n<li>\n<p data-path-to-node=\"6,4,0\"><b data-path-to-node=\"6,4,0\" data-index-in-node=\"0\">Einfache Handhabung mit praktischem Dorn:<\/b> Der untere Teil der Kerze ist spitz zulaufend (mit Dorn) geformt, was eine stabile und schnelle Platzierung in Erde oder Blumenschaum erm\u00f6glicht.<\/p>\n<\/li>\n<li>\n<p data-path-to-node=\"6,5,0\"><b data-path-to-node=\"6,5,0\" data-index-in-node=\"0\">Slowenisches Produkt mit Geschichte:<\/b> Jedes St\u00fcck ist ein Unikat, gefertigt aus lokalem Holz, was einen geringen CO2-Fu\u00dfabdruck und die Unterst\u00fctzung des heimischen Handwerks gew\u00e4hrleistet.<\/p>\n<\/li>\n<\/ul>\n<p>&nbsp;<\/p>","protected":false},"excerpt":{"rendered":"<p>\u00d6kologische Holzkerzen aus massivem Fichtenholz mit verschiedenen eingravierten Motiven. Eine langlebige und umweltfreundliche Alternative zu klassischen Kerzen, die mit ihrer reichen und nat\u00fcrlichen Textur die nat\u00fcrliche W\u00e4rme des Holzes hervorheben.<\/p>","protected":false},"featured_media":6510,"comment_status":"closed","ping_status":"closed","template":"","meta":{"_acf_changed":false,"footnotes":""},"product_brand":[],"product_cat":[58],"product_tag":[],"class_list":{"0":"post-6506","1":"product","2":"type-product","3":"status-publish","4":"has-post-thumbnail","6":"product_cat-lesene-svece-na-piku-iz-masivne-smreke","8":"first","9":"instock","10":"shipping-taxable","11":"purchasable","12":"product-type-variable"},"acf":[],"tiered_pricing_type":"fixed","tiered_pricing_fixed_rules":[],"tiered_pricing_product_settings":{"layout":"default","base_unit_name":{"singular":null,"plural":null},"default_variation":null},"tiered_pricing_minimum_quantity":null,"tiered_pricing_roles_data":[],"tiered_pricing_percentage_rules":[],"_links":{"self":[{"href":"https:\/\/lasika.si\/de\/wp-json\/wp\/v2\/product\/6506","targetHints":{"allow":["GET"]}}],"collection":[{"href":"https:\/\/lasika.si\/de\/wp-json\/wp\/v2\/product"}],"about":[{"href":"https:\/\/lasika.si\/de\/wp-json\/wp\/v2\/types\/product"}],"replies":[{"embeddable":true,"href":"https:\/\/lasika.si\/de\/wp-json\/wp\/v2\/comments?post=6506"}],"version-history":[{"count":17,"href":"https:\/\/lasika.si\/de\/wp-json\/wp\/v2\/product\/6506\/revisions"}],"predecessor-version":[{"id":10299,"href":"https:\/\/lasika.si\/de\/wp-json\/wp\/v2\/product\/6506\/revisions\/10299"}],"wp:featuredmedia":[{"embeddable":true,"href":"https:\/\/lasika.si\/de\/wp-json\/wp\/v2\/media\/6510"}],"wp:attachment":[{"href":"https:\/\/lasika.si\/de\/wp-json\/wp\/v2\/media?parent=6506"}],"wp:term":[{"taxonomy":"product_brand","embeddable":true,"href":"https:\/\/lasika.si\/de\/wp-json\/wp\/v2\/product_brand?post=6506"},{"taxonomy":"product_cat","embeddable":true,"href":"https:\/\/lasika.si\/de\/wp-json\/wp\/v2\/product_cat?post=6506"},{"taxonomy":"product_tag","embeddable":true,"href":"https:\/\/lasika.si\/de\/wp-json\/wp\/v2\/product_tag?post=6506"}],"curies":[{"name":"wp","href":"https:\/\/api.w.org\/{rel}","templated":true}]}}