{"id":6500,"date":"2025-12-24T08:53:34","date_gmt":"2025-12-24T07:53:34","guid":{"rendered":"https:\/\/lasika.si\/?post_type=product&#038;p=6500"},"modified":"2026-03-27T19:41:52","modified_gmt":"2026-03-27T18:41:52","slug":"lesena-sveca-z-motivom-angela","status":"publish","type":"product","link":"https:\/\/lasika.si\/de\/produkt\/lesena-sveca-z-motivom-angela\/","title":{"rendered":"Holzkerze mit Engelmotiv"},"content":{"rendered":"<h3>Eigenschaften:<\/h3>\n<ul>\n<li>Material: Pappel-Sperrholz 4 mm<\/li>\n<li>Zweck: Grabdekoration<\/li>\n<li>feuchtigkeitsgesch\u00fctzte Oberfl\u00e4che<\/li>\n<li>eigene Herstellung<\/li>\n<\/ul>","protected":false},"excerpt":{"rendered":"<p>Holzkerzen zum Stecken sind aus 4 mm starkem Pappel-Sperrholz gefertigt. Das Material ist leicht, gut verarbeitet und feuchtigkeitsbest\u00e4ndig, daher sind die Holzkerzen das ganze Jahr \u00fcber f\u00fcr den Au\u00dfenbereich geeignet. Sie sind f\u00fcr einfaches Stecken in Erde, Urnengr\u00e4ber und Blumenarrangements konzipiert. Dank der lasergeschnittenen Details, zarten Motive und der Personalisierungsm\u00f6glichkeit sind sie eine ausgezeichnete Wahl f\u00fcr eine respektvolle und gleichzeitig dauerhafte Ehrung.<\/p>","protected":false},"featured_media":6501,"comment_status":"closed","ping_status":"closed","template":"","meta":{"_acf_changed":false,"footnotes":""},"product_brand":[],"product_cat":[57],"product_tag":[],"class_list":{"0":"post-6500","1":"product","2":"type-product","3":"status-publish","4":"has-post-thumbnail","6":"product_cat-lesene-svece-na-piku-iz-vezane-plosce","8":"first","9":"instock","10":"shipping-taxable","11":"purchasable","12":"product-type-simple"},"acf":[],"tiered_pricing_type":"fixed","tiered_pricing_fixed_rules":[],"tiered_pricing_product_settings":{"layout":"default","base_unit_name":{"singular":null,"plural":null},"default_variation":null},"tiered_pricing_minimum_quantity":null,"tiered_pricing_roles_data":[],"tiered_pricing_percentage_rules":[],"_links":{"self":[{"href":"https:\/\/lasika.si\/de\/wp-json\/wp\/v2\/product\/6500","targetHints":{"allow":["GET"]}}],"collection":[{"href":"https:\/\/lasika.si\/de\/wp-json\/wp\/v2\/product"}],"about":[{"href":"https:\/\/lasika.si\/de\/wp-json\/wp\/v2\/types\/product"}],"replies":[{"embeddable":true,"href":"https:\/\/lasika.si\/de\/wp-json\/wp\/v2\/comments?post=6500"}],"version-history":[{"count":1,"href":"https:\/\/lasika.si\/de\/wp-json\/wp\/v2\/product\/6500\/revisions"}],"predecessor-version":[{"id":8595,"href":"https:\/\/lasika.si\/de\/wp-json\/wp\/v2\/product\/6500\/revisions\/8595"}],"wp:featuredmedia":[{"embeddable":true,"href":"https:\/\/lasika.si\/de\/wp-json\/wp\/v2\/media\/6501"}],"wp:attachment":[{"href":"https:\/\/lasika.si\/de\/wp-json\/wp\/v2\/media?parent=6500"}],"wp:term":[{"taxonomy":"product_brand","embeddable":true,"href":"https:\/\/lasika.si\/de\/wp-json\/wp\/v2\/product_brand?post=6500"},{"taxonomy":"product_cat","embeddable":true,"href":"https:\/\/lasika.si\/de\/wp-json\/wp\/v2\/product_cat?post=6500"},{"taxonomy":"product_tag","embeddable":true,"href":"https:\/\/lasika.si\/de\/wp-json\/wp\/v2\/product_tag?post=6500"}],"curies":[{"name":"wp","href":"https:\/\/api.w.org\/{rel}","templated":true}]}}