{"id":6464,"date":"2025-12-23T14:06:00","date_gmt":"2025-12-23T13:06:00","guid":{"rendered":"https:\/\/lasika.si\/?post_type=product&#038;p=6464"},"modified":"2026-04-16T06:26:37","modified_gmt":"2026-04-16T04:26:37","slug":"lesena-sveca-trije-angeli","status":"publish","type":"product","link":"https:\/\/lasika.si\/de\/produkt\/lesena-sveca-trije-angeli\/","title":{"rendered":"Holzkerze \u2013 drei Engel"},"content":{"rendered":"<h3>Eigenschaften:<\/h3>\n<ul>\n<li>Material: Pappel-Sperrholz 4 mm<\/li>\n<li>Zweck: Grabdekoration<\/li>\n<li>feuchtigkeitsgesch\u00fctzte Oberfl\u00e4che<\/li>\n<li>eigene Herstellung<\/li>\n<\/ul>","protected":false},"excerpt":{"rendered":"<p>Die Holzkerzen auf Spie\u00df werden aus 4\u202fmm starkem Pappelsperrholz hergestellt. Das Material ist leicht, sauber verarbeitet und gegen Feuchtigkeitsaufnahme gesch\u00fctzt, sodass die Holzkerzen das ganze Jahr \u00fcber f\u00fcr den Au\u00dfenbereich geeignet sind.<\/p>\n<p>Zasnovane so za preprosto zapi\u010ditev v zemljo, \u017earne nasade in cvetli\u010dne aran\u017emaje. Zaradi lasersko obdelanih detajlov, ne\u017enih motivov in mo\u017enosti personalizacije so odli\u010dna izbira za spo\u0161tljiv, a hkrati trajnosten poklon.<\/p>","protected":false},"featured_media":6490,"comment_status":"closed","ping_status":"closed","template":"","meta":{"_acf_changed":false,"footnotes":""},"product_brand":[],"product_cat":[57],"product_tag":[],"class_list":{"0":"post-6464","1":"product","2":"type-product","3":"status-publish","4":"has-post-thumbnail","6":"product_cat-lesene-svece-na-piku-iz-vezane-plosce","8":"first","9":"instock","10":"shipping-taxable","11":"purchasable","12":"product-type-variable"},"acf":[],"tiered_pricing_type":"fixed","tiered_pricing_fixed_rules":[],"tiered_pricing_product_settings":{"layout":"default","base_unit_name":{"singular":null,"plural":null},"default_variation":null},"tiered_pricing_minimum_quantity":null,"tiered_pricing_roles_data":[],"tiered_pricing_percentage_rules":[],"_links":{"self":[{"href":"https:\/\/lasika.si\/de\/wp-json\/wp\/v2\/product\/6464","targetHints":{"allow":["GET"]}}],"collection":[{"href":"https:\/\/lasika.si\/de\/wp-json\/wp\/v2\/product"}],"about":[{"href":"https:\/\/lasika.si\/de\/wp-json\/wp\/v2\/types\/product"}],"replies":[{"embeddable":true,"href":"https:\/\/lasika.si\/de\/wp-json\/wp\/v2\/comments?post=6464"}],"version-history":[{"count":2,"href":"https:\/\/lasika.si\/de\/wp-json\/wp\/v2\/product\/6464\/revisions"}],"predecessor-version":[{"id":9345,"href":"https:\/\/lasika.si\/de\/wp-json\/wp\/v2\/product\/6464\/revisions\/9345"}],"wp:featuredmedia":[{"embeddable":true,"href":"https:\/\/lasika.si\/de\/wp-json\/wp\/v2\/media\/6490"}],"wp:attachment":[{"href":"https:\/\/lasika.si\/de\/wp-json\/wp\/v2\/media?parent=6464"}],"wp:term":[{"taxonomy":"product_brand","embeddable":true,"href":"https:\/\/lasika.si\/de\/wp-json\/wp\/v2\/product_brand?post=6464"},{"taxonomy":"product_cat","embeddable":true,"href":"https:\/\/lasika.si\/de\/wp-json\/wp\/v2\/product_cat?post=6464"},{"taxonomy":"product_tag","embeddable":true,"href":"https:\/\/lasika.si\/de\/wp-json\/wp\/v2\/product_tag?post=6464"}],"curies":[{"name":"wp","href":"https:\/\/api.w.org\/{rel}","templated":true}]}}