{"id":6132,"date":"2026-03-27T07:05:09","date_gmt":"2026-03-27T06:05:09","guid":{"rendered":"https:\/\/lasika.si\/?post_type=product&#038;p=6132"},"modified":"2026-04-22T06:18:57","modified_gmt":"2026-04-22T04:18:57","slug":"ekoloska-lesena-sveca-na-skrilavcu","status":"publish","type":"product","link":"https:\/\/lasika.si\/de\/produkt\/ekoloska-lesena-sveca-na-skrilavcu\/","title":{"rendered":"\u00d6kologische Holzkerze (Natur) \u2013 Gr\u00f6\u00dfe M und S"},"content":{"rendered":"<h2>Umweltfreundliche Holzkerze auf rechteckigem Sockel M, S<\/h2>\n<p data-path-to-node=\"13\"><a href=\"https:\/\/lasika.si\/de\/trgovina\/spomini-in-poklon\/lesene-svece-s-kamnitim-podstavkom\/\"><b data-path-to-node=\"13\" data-index-in-node=\"0\">Umweltfreundliche Holzkerze<\/b><\/a> auf einem rechteckigen Sockel wurde f\u00fcr eine respektvolle und subtile Erinnerung geschaffen.<\/p>\n<ul data-path-to-node=\"10,1\">\n<li>\n<p data-path-to-node=\"10,1,1,0\"><b data-path-to-node=\"10,1,1,0\" data-index-in-node=\"0\">Sockel:<\/b> Stabiler rechteckiger Naturstein Schiefer.<\/p>\n<\/li>\n<li>\n<p data-path-to-node=\"10,1,2,0\"><b data-path-to-node=\"10,1,2,0\" data-index-in-node=\"0\">Aussehen:<\/b> Nat\u00fcrliche Farbe des Fichtenholzes, das mit seiner W\u00e4rme das Grab sanft schm\u00fcckt.<\/p>\n<\/li>\n<\/ul>\n<h2 data-path-to-node=\"14\">Warum Gr\u00f6\u00dfe M oder S w\u00e4hlen?<\/h2>\n<ul data-path-to-node=\"15\">\n<li>\n<p data-path-to-node=\"15,0,0\"><b data-path-to-node=\"15,0,0\" data-index-in-node=\"0\">Anpassbarkeit:<\/b>\u00a0 Die Kerze passt perfekt auf kleinere Urnenmonumente oder in Ecken, wo der Platz begrenzt ist.<\/p>\n<\/li>\n<li>\n<p data-path-to-node=\"15,1,0\"><b data-path-to-node=\"15,1,0\" data-index-in-node=\"0\">Stabiler rechteckiger Sockel:<\/b> Der rechteckige Sockel aus Schiefer bietet eine gr\u00f6\u00dfere Auflagefl\u00e4che, was eine noch bessere Stabilit\u00e4t bedeutet.<\/p>\n<\/li>\n<li>\n<p data-path-to-node=\"15,2,0\"><b data-path-to-node=\"15,2,0\" data-index-in-node=\"0\">Reine Naturmaterialien:<\/b> Kombination aus slowenischem Holz und Stein ohne Verwendung k\u00fcnstlicher Materialien.<\/p>\n<\/li>\n<\/ul>\n<p>&nbsp;<\/p>","protected":false},"excerpt":{"rendered":"<p data-path-to-node=\"10,0\">Kompakte, umweltfreundliche Kerze aus Naturholz auf einem rechteckigen Steinsockel \u2013 ideal f\u00fcr kleinere Denkm\u00e4ler oder Urnengr\u00e4ber.<\/p>\n<p data-path-to-node=\"10,1,2,0\">","protected":false},"featured_media":6133,"comment_status":"closed","ping_status":"closed","template":"","meta":{"_acf_changed":false,"footnotes":""},"product_brand":[],"product_cat":[74],"product_tag":[],"class_list":{"0":"post-6132","1":"product","2":"type-product","3":"status-publish","4":"has-post-thumbnail","6":"product_cat-lesene-svece-s-kamnitim-podstavkom","8":"first","9":"instock","10":"featured","11":"shipping-taxable","12":"purchasable","13":"product-type-variable"},"acf":[],"tiered_pricing_type":"fixed","tiered_pricing_fixed_rules":[],"tiered_pricing_product_settings":{"layout":"default","base_unit_name":{"singular":null,"plural":null},"default_variation":null},"tiered_pricing_minimum_quantity":null,"tiered_pricing_roles_data":[],"tiered_pricing_percentage_rules":[],"_links":{"self":[{"href":"https:\/\/lasika.si\/de\/wp-json\/wp\/v2\/product\/6132","targetHints":{"allow":["GET"]}}],"collection":[{"href":"https:\/\/lasika.si\/de\/wp-json\/wp\/v2\/product"}],"about":[{"href":"https:\/\/lasika.si\/de\/wp-json\/wp\/v2\/types\/product"}],"replies":[{"embeddable":true,"href":"https:\/\/lasika.si\/de\/wp-json\/wp\/v2\/comments?post=6132"}],"version-history":[{"count":20,"href":"https:\/\/lasika.si\/de\/wp-json\/wp\/v2\/product\/6132\/revisions"}],"predecessor-version":[{"id":10300,"href":"https:\/\/lasika.si\/de\/wp-json\/wp\/v2\/product\/6132\/revisions\/10300"}],"wp:featuredmedia":[{"embeddable":true,"href":"https:\/\/lasika.si\/de\/wp-json\/wp\/v2\/media\/6133"}],"wp:attachment":[{"href":"https:\/\/lasika.si\/de\/wp-json\/wp\/v2\/media?parent=6132"}],"wp:term":[{"taxonomy":"product_brand","embeddable":true,"href":"https:\/\/lasika.si\/de\/wp-json\/wp\/v2\/product_brand?post=6132"},{"taxonomy":"product_cat","embeddable":true,"href":"https:\/\/lasika.si\/de\/wp-json\/wp\/v2\/product_cat?post=6132"},{"taxonomy":"product_tag","embeddable":true,"href":"https:\/\/lasika.si\/de\/wp-json\/wp\/v2\/product_tag?post=6132"}],"curies":[{"name":"wp","href":"https:\/\/api.w.org\/{rel}","templated":true}]}}