{"id":5805,"date":"2026-02-24T20:30:23","date_gmt":"2026-02-24T19:30:23","guid":{"rendered":"https:\/\/lasika.si\/?post_type=product&#038;p=5805"},"modified":"2026-03-28T16:39:19","modified_gmt":"2026-03-28T15:39:19","slug":"lesena-vrtnica-2-2","status":"publish","type":"product","link":"https:\/\/lasika.si\/de\/produkt\/lesena-vrtnica-2-2\/","title":{"rendered":"Lesena vrtnica &#8211; 2"},"content":{"rendered":"<h3>Eigenschaften:<\/h3>\n<ul>\n<li>Material: Pappel-Sperrholz mit Ausschnitten, 6 mm<\/li>\n<li>Zweck: Heimdekoration, Geschenk<\/li>\n<li>einzigartig bemalte Vorderseite (R\u00fcckseite ist in nat\u00fcrlicher Holzfarbe)<\/li>\n<li>Oberfl\u00e4che mit Lack gesch\u00fctzt<\/li>\n<li>vi\u0161ina: 25,3 cm<\/li>\n<li>eigene Herstellung<\/li>\n<\/ul>","protected":false},"excerpt":{"rendered":"<p>Vrtnica \u017ee od nekdaj velja za najmo\u010dnej\u0161i simbol globokih \u010dustev. L<b data-path-to-node=\"4\" data-index-in-node=\"124\">esena vrtnica<\/b> ist eine handbemalte dekorative Blume, die den Empf\u00e4nger jeden Tag aufs Neue an Ihre Aufmerksamkeit erinnern wird.<\/p>","protected":false},"featured_media":8765,"comment_status":"closed","ping_status":"closed","template":"","meta":{"_acf_changed":false,"footnotes":""},"product_brand":[],"product_cat":[68],"product_tag":[],"class_list":{"0":"post-5805","1":"product","2":"type-product","3":"status-publish","4":"has-post-thumbnail","6":"product_cat-roze-vrtnice-nagelj","8":"first","9":"instock","10":"shipping-taxable","11":"purchasable","12":"product-type-variable"},"acf":[],"tiered_pricing_type":"fixed","tiered_pricing_fixed_rules":[],"tiered_pricing_product_settings":{"layout":"default","base_unit_name":{"singular":null,"plural":null},"default_variation":null},"tiered_pricing_minimum_quantity":null,"tiered_pricing_roles_data":[],"tiered_pricing_percentage_rules":[],"_links":{"self":[{"href":"https:\/\/lasika.si\/de\/wp-json\/wp\/v2\/product\/5805","targetHints":{"allow":["GET"]}}],"collection":[{"href":"https:\/\/lasika.si\/de\/wp-json\/wp\/v2\/product"}],"about":[{"href":"https:\/\/lasika.si\/de\/wp-json\/wp\/v2\/types\/product"}],"replies":[{"embeddable":true,"href":"https:\/\/lasika.si\/de\/wp-json\/wp\/v2\/comments?post=5805"}],"version-history":[{"count":15,"href":"https:\/\/lasika.si\/de\/wp-json\/wp\/v2\/product\/5805\/revisions"}],"predecessor-version":[{"id":9863,"href":"https:\/\/lasika.si\/de\/wp-json\/wp\/v2\/product\/5805\/revisions\/9863"}],"wp:featuredmedia":[{"embeddable":true,"href":"https:\/\/lasika.si\/de\/wp-json\/wp\/v2\/media\/8765"}],"wp:attachment":[{"href":"https:\/\/lasika.si\/de\/wp-json\/wp\/v2\/media?parent=5805"}],"wp:term":[{"taxonomy":"product_brand","embeddable":true,"href":"https:\/\/lasika.si\/de\/wp-json\/wp\/v2\/product_brand?post=5805"},{"taxonomy":"product_cat","embeddable":true,"href":"https:\/\/lasika.si\/de\/wp-json\/wp\/v2\/product_cat?post=5805"},{"taxonomy":"product_tag","embeddable":true,"href":"https:\/\/lasika.si\/de\/wp-json\/wp\/v2\/product_tag?post=5805"}],"curies":[{"name":"wp","href":"https:\/\/api.w.org\/{rel}","templated":true}]}}