{"id":5797,"date":"2025-12-12T09:28:13","date_gmt":"2025-12-12T08:28:13","guid":{"rendered":"https:\/\/lasika.si\/?post_type=product&#038;p=5797"},"modified":"2026-03-28T16:30:03","modified_gmt":"2026-03-28T15:30:03","slug":"angel-z-lucko","status":"publish","type":"product","link":"https:\/\/lasika.si\/de\/produkt\/angel-z-lucko\/","title":{"rendered":"Engel mit Licht"},"content":{"rendered":"<h3>Eigenschaften:<\/h3>\n<ul>\n<li>Material: Pappel-Sperrholz 4 mm<\/li>\n<li>Inklusive batteriebetriebener Teelicht-LED<\/li>\n<li>Zweck: Heimdekoration, Geschenk<\/li>\n<li>Einzigartig bemalt auf der Vorderseite (R\u00fcckseite in nat\u00fcrlicher Holzfarbe)<\/li>\n<li>mit wasserbasiertem Lack gesch\u00fctzt<\/li>\n<li>H\u00f6he: 18 cm<\/li>\n<li>Slowenische Herstellung<\/li>\n<\/ul>","protected":false},"excerpt":{"rendered":"<p>Eigenschaften: Material: Pappel-Sperrholz 4 mm Inklusive batteriebetriebener Teelicht-LED Zweck: Dekoration f\u00fcr Zuhause, Geschenk Einzigartig bemalt auf der Vorderseite (R\u00fcckseite in nat\u00fcrlicher Holzfarbe) mit wasserbasiertem Lack gesch\u00fctzt H\u00f6he: 18 cm Slowenische Herstellung<\/p>","protected":false},"featured_media":5799,"comment_status":"closed","ping_status":"closed","template":"","meta":{"_acf_changed":false,"footnotes":""},"product_brand":[],"product_cat":[65,66],"product_tag":[],"class_list":{"0":"post-5797","1":"product","2":"type-product","3":"status-publish","4":"has-post-thumbnail","6":"product_cat-darila-za-bozic","7":"product_cat-novoletna-darila","9":"first","10":"instock","11":"shipping-taxable","12":"purchasable","13":"product-type-simple"},"acf":[],"tiered_pricing_type":"fixed","tiered_pricing_fixed_rules":[],"tiered_pricing_product_settings":{"layout":"default","base_unit_name":{"singular":null,"plural":null},"default_variation":null},"tiered_pricing_minimum_quantity":null,"tiered_pricing_roles_data":[],"tiered_pricing_percentage_rules":[],"_links":{"self":[{"href":"https:\/\/lasika.si\/de\/wp-json\/wp\/v2\/product\/5797","targetHints":{"allow":["GET"]}}],"collection":[{"href":"https:\/\/lasika.si\/de\/wp-json\/wp\/v2\/product"}],"about":[{"href":"https:\/\/lasika.si\/de\/wp-json\/wp\/v2\/types\/product"}],"replies":[{"embeddable":true,"href":"https:\/\/lasika.si\/de\/wp-json\/wp\/v2\/comments?post=5797"}],"version-history":[{"count":2,"href":"https:\/\/lasika.si\/de\/wp-json\/wp\/v2\/product\/5797\/revisions"}],"predecessor-version":[{"id":9851,"href":"https:\/\/lasika.si\/de\/wp-json\/wp\/v2\/product\/5797\/revisions\/9851"}],"wp:featuredmedia":[{"embeddable":true,"href":"https:\/\/lasika.si\/de\/wp-json\/wp\/v2\/media\/5799"}],"wp:attachment":[{"href":"https:\/\/lasika.si\/de\/wp-json\/wp\/v2\/media?parent=5797"}],"wp:term":[{"taxonomy":"product_brand","embeddable":true,"href":"https:\/\/lasika.si\/de\/wp-json\/wp\/v2\/product_brand?post=5797"},{"taxonomy":"product_cat","embeddable":true,"href":"https:\/\/lasika.si\/de\/wp-json\/wp\/v2\/product_cat?post=5797"},{"taxonomy":"product_tag","embeddable":true,"href":"https:\/\/lasika.si\/de\/wp-json\/wp\/v2\/product_tag?post=5797"}],"curies":[{"name":"wp","href":"https:\/\/api.w.org\/{rel}","templated":true}]}}