{"id":5751,"date":"2025-12-24T09:00:20","date_gmt":"2025-12-24T08:00:20","guid":{"rendered":"https:\/\/lasika.si\/?post_type=product&#038;p=5751"},"modified":"2026-04-24T05:54:35","modified_gmt":"2026-04-24T03:54:35","slug":"unikatna-spominska-slika","status":"publish","type":"product","link":"https:\/\/lasika.si\/de\/produkt\/unikatna-spominska-slika\/","title":{"rendered":"Einzigartiges Erinnerungsbild"},"content":{"rendered":"<h2 data-path-to-node=\"9,5,1\"><b data-path-to-node=\"9,5,1\" data-index-in-node=\"0\">Einzigartiges Erinnerungsbild mit Blumenmotiv<\/b><\/h2>\n<p data-path-to-node=\"9,5,2\">Suchen Sie etwas Besonderes? Dieses <a href=\"https:\/\/lasika.si\/de\/trgovina\/spomini-in-poklon\/dekoracije-spominske-slike\/\"><b data-path-to-node=\"9,5,2\" data-index-in-node=\"28\">einzigartiges Gedenkbild<\/b><\/a> Mit einem 3D-Motiv eines Blumenstrau\u00dfes in einer Vase bringt es Farbe und W\u00e4rme f\u00fcr Grabsteine. Handbemalte Holzelemente sind auf einer Feinsteinzeugplatte befestigt, was eine lange Lebensdauer des Produkts ohne besondere Wartung gew\u00e4hrleistet. Der Blumenstrau\u00df symbolisiert das Leben und die Sch\u00f6nheit der Erinnerungen, die uns begleiten. Aufgrund seines Gewichts und des stabilen Sockels steht das Bild auch bei st\u00e4rkeren Windb\u00f6en sicher an seinem Platz und erg\u00e4nzt gleichzeitig die \u00fcbrige Grabdekoration \u00e4sthetisch.<\/p>\n<h2 data-path-to-node=\"9,2,3\"><b data-path-to-node=\"21\" data-index-in-node=\"0\">Verblassen Dekorationen auf Stein in der Sonne?<\/b><\/h2>\n<p data-path-to-node=\"9,2,3\">Nein, alle unsere Produkte sind mit speziellen Schutzlacken beschichtet, die die Farben vor UV-Strahlen und Feuchtigkeit sch\u00fctzen.<\/p>\n<p data-path-to-node=\"9,2,3\">\n<p data-path-to-node=\"9,2,3\">","protected":false},"excerpt":{"rendered":"<p data-path-to-node=\"9,4,1,0\"><b data-path-to-node=\"9,4,1,0\" data-index-in-node=\"0\">Blumenstrau\u00df auf Feinsteinzeug \u2013 dauerhafte Blumendekoration in verschiedenen Farbvarianten.<\/b><\/p>\n<ul>\n<li data-path-to-node=\"9,4,1,1,0,0\"><b data-path-to-node=\"9,4,1,1,0,0\" data-index-in-node=\"0\">Design:<\/b> 3D-Effekt eines Blumenstrau\u00dfes aus Holz auf Steinbasis.<\/li>\n<li data-path-to-node=\"9,4,1,1,0,0\"><b data-path-to-node=\"9,4,1,1,1,0\" data-index-in-node=\"0\">Farben:<\/b> Zarte Bemalung, die sich in die nat\u00fcrliche Umgebung einf\u00fcgt.<\/li>\n<li data-path-to-node=\"6,4,1,1,0,0\"><b data-path-to-node=\"6,4,1,1,0,0\" data-index-in-node=\"0\">Sockel:<\/b>\u00a0Option \u2013 massiver, gebrannter Holzst\u00e4nder zur sicheren Aufstellung.<\/li>\n<\/ul>\n<p>&nbsp;<\/p>","protected":false},"featured_media":5741,"comment_status":"closed","ping_status":"closed","template":"","meta":{"_acf_changed":false,"footnotes":""},"product_brand":[],"product_cat":[70],"product_tag":[],"class_list":{"0":"post-5751","1":"product","2":"type-product","3":"status-publish","4":"has-post-thumbnail","6":"product_cat-dekoracije-spominske-slike","8":"first","9":"instock","10":"shipping-taxable","11":"purchasable","12":"product-type-variable"},"acf":[],"tiered_pricing_type":"fixed","tiered_pricing_fixed_rules":[],"tiered_pricing_product_settings":{"layout":"default","base_unit_name":{"singular":null,"plural":null},"default_variation":null},"tiered_pricing_minimum_quantity":null,"tiered_pricing_roles_data":[],"tiered_pricing_percentage_rules":[],"_links":{"self":[{"href":"https:\/\/lasika.si\/de\/wp-json\/wp\/v2\/product\/5751","targetHints":{"allow":["GET"]}}],"collection":[{"href":"https:\/\/lasika.si\/de\/wp-json\/wp\/v2\/product"}],"about":[{"href":"https:\/\/lasika.si\/de\/wp-json\/wp\/v2\/types\/product"}],"replies":[{"embeddable":true,"href":"https:\/\/lasika.si\/de\/wp-json\/wp\/v2\/comments?post=5751"}],"version-history":[{"count":16,"href":"https:\/\/lasika.si\/de\/wp-json\/wp\/v2\/product\/5751\/revisions"}],"predecessor-version":[{"id":10346,"href":"https:\/\/lasika.si\/de\/wp-json\/wp\/v2\/product\/5751\/revisions\/10346"}],"wp:featuredmedia":[{"embeddable":true,"href":"https:\/\/lasika.si\/de\/wp-json\/wp\/v2\/media\/5741"}],"wp:attachment":[{"href":"https:\/\/lasika.si\/de\/wp-json\/wp\/v2\/media?parent=5751"}],"wp:term":[{"taxonomy":"product_brand","embeddable":true,"href":"https:\/\/lasika.si\/de\/wp-json\/wp\/v2\/product_brand?post=5751"},{"taxonomy":"product_cat","embeddable":true,"href":"https:\/\/lasika.si\/de\/wp-json\/wp\/v2\/product_cat?post=5751"},{"taxonomy":"product_tag","embeddable":true,"href":"https:\/\/lasika.si\/de\/wp-json\/wp\/v2\/product_tag?post=5751"}],"curies":[{"name":"wp","href":"https:\/\/api.w.org\/{rel}","templated":true}]}}