{"id":5722,"date":"2025-12-11T11:16:35","date_gmt":"2025-12-11T10:16:35","guid":{"rendered":"https:\/\/lasika.si\/?post_type=product&#038;p=5722"},"modified":"2026-04-24T06:14:31","modified_gmt":"2026-04-24T04:14:31","slug":"majhen-nagrobni-simbol","status":"publish","type":"product","link":"https:\/\/lasika.si\/de\/produkt\/majhen-nagrobni-simbol\/","title":{"rendered":"Engel der Erinnerung \u2013 kleines Grabdenkmal"},"content":{"rendered":"<h2 data-path-to-node=\"15,5,1\"><b data-path-to-node=\"15,5,1\" data-index-in-node=\"0\">Majhen nagrobni simbol za diskreten spomin<\/b><\/h2>\n<p data-path-to-node=\"15,5,2\">V\u010dasih so najmanj\u0161i detajli tisti, ki povedo najve\u010d. Ta <a href=\"https:\/\/lasika.si\/de\/trgovina\/spomini-in-poklon\/dekoracije-spominske-slike\/\"><b data-path-to-node=\"15,5,2\" data-index-in-node=\"56\">majhen nagrobni simbol<\/b><\/a> In der Form eines kleinen Engels auf einem Naturstein ist er eine dezente Erg\u00e4nzung f\u00fcr Urnengr\u00e4ber, Regale oder Grabsteine. Jeder Engel ist handbemalt, was ihm einen besonderen Charakter verleiht. Trotz seiner geringen Gr\u00f6\u00dfe ist der Stein schwer genug, um an seinem Platz zu bleiben, und die nat\u00fcrlichen Materialien sorgen daf\u00fcr, dass sich der Engel im Laufe der Zeit in die Umgebung des Grabes einf\u00fcgt. Er ist ein wunderbares kleines Kondolenzgeschenk oder eine zarte Erg\u00e4nzung zu einem gr\u00f6\u00dferen Arrangement.<\/p>\n<p data-path-to-node=\"15,2,3\">","protected":false},"excerpt":{"rendered":"<p data-path-to-node=\"15,4,1,0\"><b data-path-to-node=\"15,4,1,0\" data-index-in-node=\"0\">Majhen angel na kamnu \u2013 diskreten, a mo\u010dan simbol upanja.<\/b><\/p>\n<ul>\n<li data-path-to-node=\"15,4,1,1,0,0\"><b data-path-to-node=\"15,4,1,1,0,0\" data-index-in-node=\"0\">Gr\u00f6\u00dfe:<\/b> Kompaktnih 46 x 46 mm, idealno za \u017earne grobe<\/li>\n<li data-path-to-node=\"15,4,1,1,0,0\"><b data-path-to-node=\"15,4,1,1,2,0\" data-index-in-node=\"0\">Darilo:<\/b> Primerno tudi kot majhno spominsko darilo ob te\u017ekih trenutkih.<\/li>\n<\/ul>","protected":false},"featured_media":5719,"comment_status":"closed","ping_status":"closed","template":"","meta":{"_acf_changed":false,"footnotes":""},"product_brand":[],"product_cat":[70],"product_tag":[],"class_list":{"0":"post-5722","1":"product","2":"type-product","3":"status-publish","4":"has-post-thumbnail","6":"product_cat-dekoracije-spominske-slike","8":"first","9":"instock","10":"shipping-taxable","11":"purchasable","12":"product-type-variable"},"acf":[],"tiered_pricing_type":"fixed","tiered_pricing_fixed_rules":[],"tiered_pricing_product_settings":{"layout":"default","base_unit_name":{"singular":null,"plural":null},"default_variation":null},"tiered_pricing_minimum_quantity":null,"tiered_pricing_roles_data":[],"tiered_pricing_percentage_rules":[],"_links":{"self":[{"href":"https:\/\/lasika.si\/de\/wp-json\/wp\/v2\/product\/5722","targetHints":{"allow":["GET"]}}],"collection":[{"href":"https:\/\/lasika.si\/de\/wp-json\/wp\/v2\/product"}],"about":[{"href":"https:\/\/lasika.si\/de\/wp-json\/wp\/v2\/types\/product"}],"replies":[{"embeddable":true,"href":"https:\/\/lasika.si\/de\/wp-json\/wp\/v2\/comments?post=5722"}],"version-history":[{"count":5,"href":"https:\/\/lasika.si\/de\/wp-json\/wp\/v2\/product\/5722\/revisions"}],"predecessor-version":[{"id":10351,"href":"https:\/\/lasika.si\/de\/wp-json\/wp\/v2\/product\/5722\/revisions\/10351"}],"wp:featuredmedia":[{"embeddable":true,"href":"https:\/\/lasika.si\/de\/wp-json\/wp\/v2\/media\/5719"}],"wp:attachment":[{"href":"https:\/\/lasika.si\/de\/wp-json\/wp\/v2\/media?parent=5722"}],"wp:term":[{"taxonomy":"product_brand","embeddable":true,"href":"https:\/\/lasika.si\/de\/wp-json\/wp\/v2\/product_brand?post=5722"},{"taxonomy":"product_cat","embeddable":true,"href":"https:\/\/lasika.si\/de\/wp-json\/wp\/v2\/product_cat?post=5722"},{"taxonomy":"product_tag","embeddable":true,"href":"https:\/\/lasika.si\/de\/wp-json\/wp\/v2\/product_tag?post=5722"}],"curies":[{"name":"wp","href":"https:\/\/api.w.org\/{rel}","templated":true}]}}