{"id":1243,"date":"2025-12-24T10:27:37","date_gmt":"2025-12-24T09:27:37","guid":{"rendered":"http:\/\/sw-themes.com\/porto_dummy\/?post_type=product&#038;p=1243"},"modified":"2026-04-24T05:53:07","modified_gmt":"2026-04-24T03:53:07","slug":"spominska-slika-angel","status":"publish","type":"product","link":"https:\/\/lasika.si\/de\/produkt\/spominska-slika-angel\/","title":{"rendered":"Gedenkbild Engel"},"content":{"rendered":"<h2 data-path-to-node=\"6,5,1\"><b data-path-to-node=\"6,5,1\" data-index-in-node=\"0\">Gedenkbild Engel \u2013 zartes Symbol des Friedens<\/b><\/h2>\n<p data-path-to-node=\"6,5,2\">Unser <a href=\"https:\/\/lasika.si\/de\/trgovina\/spomini-in-poklon\/dekoracije-spominske-slike\/\"><b data-path-to-node=\"6,5,2\" data-index-in-node=\"5\">Gedenk<\/b><\/a><a href=\"https:\/\/lasika.si\/de\/trgovina\/spomini-in-poklon\/dekoracije-spominske-slike\/\"><b data-path-to-node=\"6,5,2\" data-index-in-node=\"5\">bild Engel<\/b><\/a> auf Feinsteinzeug vereint k\u00fcnstlerischen Touch und au\u00dfergew\u00f6hnliche Materialhaltbarkeit. Der Engel, der Frieden und Schutz symbolisiert, ist auf einer Keramikbasis (Feinsteinzeug) dargestellt, die f\u00fcr ihre Frost- und Feuchtigkeitsbest\u00e4ndigkeit bekannt ist. Das Bild kann mit einem massiven Holzst\u00e4nder in gebrannter Ausf\u00fchrung geliefert werden, der eine stabile Aufstellung auf jeder ebenen Grabfl\u00e4che erm\u00f6glicht. Diese Dekoration ist perfekt, um eine friedliche Ecke zum Nachdenken und Gedenken an Ihre Liebsten zu schaffen.<\/p>\n<h2 data-path-to-node=\"6,5,2\"><b data-path-to-node=\"6,2,3\" data-index-in-node=\"0\">Ist der St\u00e4nder schwer genug, damit er nicht vom Wind umgeweht wird?<\/b><\/h2>\n<p data-path-to-node=\"6,5,2\">Ja, das Gestell ist aus Massivholz gefertigt und so dimensioniert, dass es in Kombination mit dem Gewicht des Feinsteinzeugs eine stabile Einheit bildet. F\u00fcr zus\u00e4tzliche Sicherheit empfehlen wir, es auf einer ebenen Fl\u00e4che der Grabplatte zu platzieren.<\/p>\n<p data-path-to-node=\"6,5,2\">\n<p data-path-to-node=\"6,5,2\">","protected":false},"excerpt":{"rendered":"<p data-path-to-node=\"6,4,1,0\"><b data-path-to-node=\"6,4,1,0\" data-index-in-node=\"0\">Gedenkbild mit Engelsmotiv auf Feinsteinzeug \u2013 Symbol des Friedens auf stabilem St\u00e4nder.<\/b><\/p>\n<ul>\n<li data-path-to-node=\"6,4,1,1,0,0\"><b data-path-to-node=\"6,4,1,1,0,0\" data-index-in-node=\"0\">Sockel:<\/b> Option \u2013 massiver, gebrannter Holzst\u00e4nder f\u00fcr sichere Aufstellung.<\/li>\n<li data-path-to-node=\"6,4,1,1,0,0\"><b data-path-to-node=\"6,4,1,1,1,0\" data-index-in-node=\"0\">Haltbarkeit:<\/b> Das Motiv auf Feinsteinzeug ist resistent gegen alle Witterungseinfl\u00fcsse.<\/li>\n<li data-path-to-node=\"6,4,1,1,0,0\"><b data-path-to-node=\"6,4,1,1,2,0\" data-index-in-node=\"0\">Abmessungen:<\/b> Geeignete Gr\u00f6\u00dfe f\u00fcr eine zentrale Gedenkecke auf dem Denkmal.<\/li>\n<\/ul>\n<p>&nbsp;<\/p>","protected":false},"featured_media":5712,"comment_status":"closed","ping_status":"closed","template":"","meta":{"_acf_changed":false,"footnotes":""},"product_brand":[],"product_cat":[70],"product_tag":[],"class_list":{"0":"post-1243","1":"product","2":"type-product","3":"status-publish","4":"has-post-thumbnail","6":"product_cat-dekoracije-spominske-slike","8":"first","9":"instock","10":"featured","11":"shipping-taxable","12":"purchasable","13":"product-type-variable"},"acf":[],"tiered_pricing_type":"fixed","tiered_pricing_fixed_rules":[],"tiered_pricing_product_settings":{"layout":"default","base_unit_name":{"singular":null,"plural":null},"default_variation":null},"tiered_pricing_minimum_quantity":null,"tiered_pricing_roles_data":[],"tiered_pricing_percentage_rules":[],"_links":{"self":[{"href":"https:\/\/lasika.si\/de\/wp-json\/wp\/v2\/product\/1243","targetHints":{"allow":["GET"]}}],"collection":[{"href":"https:\/\/lasika.si\/de\/wp-json\/wp\/v2\/product"}],"about":[{"href":"https:\/\/lasika.si\/de\/wp-json\/wp\/v2\/types\/product"}],"replies":[{"embeddable":true,"href":"https:\/\/lasika.si\/de\/wp-json\/wp\/v2\/comments?post=1243"}],"version-history":[{"count":18,"href":"https:\/\/lasika.si\/de\/wp-json\/wp\/v2\/product\/1243\/revisions"}],"predecessor-version":[{"id":10344,"href":"https:\/\/lasika.si\/de\/wp-json\/wp\/v2\/product\/1243\/revisions\/10344"}],"wp:featuredmedia":[{"embeddable":true,"href":"https:\/\/lasika.si\/de\/wp-json\/wp\/v2\/media\/5712"}],"wp:attachment":[{"href":"https:\/\/lasika.si\/de\/wp-json\/wp\/v2\/media?parent=1243"}],"wp:term":[{"taxonomy":"product_brand","embeddable":true,"href":"https:\/\/lasika.si\/de\/wp-json\/wp\/v2\/product_brand?post=1243"},{"taxonomy":"product_cat","embeddable":true,"href":"https:\/\/lasika.si\/de\/wp-json\/wp\/v2\/product_cat?post=1243"},{"taxonomy":"product_tag","embeddable":true,"href":"https:\/\/lasika.si\/de\/wp-json\/wp\/v2\/product_tag?post=1243"}],"curies":[{"name":"wp","href":"https:\/\/api.w.org\/{rel}","templated":true}]}}