{"id":9643,"date":"2026-03-25T20:09:31","date_gmt":"2026-03-25T19:09:31","guid":{"rendered":"https:\/\/lasika.si\/?page_id=9643"},"modified":"2026-03-25T20:12:49","modified_gmt":"2026-03-25T19:12:49","slug":"lieferung","status":"publish","type":"page","link":"https:\/\/lasika.si\/de\/dostava\/","title":{"rendered":"Lieferung"},"content":{"rendered":"<div data-elementor-type=\"wp-page\" data-elementor-id=\"9643\" class=\"elementor elementor-9643\" data-elementor-post-type=\"page\">\n\t\t\t\t<div class=\"elementor-element elementor-element-b107738 e-con-full e-flex e-con e-parent\" data-id=\"b107738\" data-element_type=\"container\" data-e-type=\"container\">\r\n\t\t\t\t<div class=\"elementor-element elementor-element-be6e9ec elementor-widget elementor-widget-text-editor\" data-id=\"be6e9ec\" data-element_type=\"widget\" data-e-type=\"widget\" data-widget_type=\"text-editor.default\">\n\t\t\t\t\t\t\t\t\t<h2>LIEFERUNG UND VERSANDKOSTEN<\/h2><p data-path-to-node=\"3\">Die Versandkosten f\u00fcr Produkte, die im Online-Shop bestellt werden, betragen <b data-path-to-node=\"3\" data-index-in-node=\"62\">4,5 \u20ac<\/b> f\u00fcr ganz Slowenien. Bei einem Einkauf \u00fcber <b data-path-to-node=\"3\" data-index-in-node=\"104\">50 \u20ac<\/b> Lieferung <b data-path-to-node=\"3\" data-index-in-node=\"120\">kostenlos<\/b>.<br \/>Wir sind ein kleines Familienunternehmen, daher k\u00f6nnen wir nicht alle Produkte in gro\u00dfen Mengen vorr\u00e4tig halten.<b data-path-to-node=\"4\" data-index-in-node=\"0\">.<\/b> Wir bem\u00fchen uns, Ihre Bestellungen so schnell wie m\u00f6glich zu versenden, unter Ber\u00fccksichtigung der folgenden Bedingungen:<\/p><ul><li data-path-to-node=\"5,0,0\"><b data-path-to-node=\"5,0,0\" data-index-in-node=\"0\">Produkte auf Lager:<\/b> Die Ware wird versendet innerhalb <b data-path-to-node=\"5,0,0\" data-index-in-node=\"43\">1 bis 7 Werktage<\/b> nach Zahlungseingang.<\/li><li data-path-to-node=\"5,0,0\"><b data-path-to-node=\"5,1,0\" data-index-in-node=\"0\">Produkte, die nicht auf Lager sind:<\/b> Die Ware wird versendet innerhalb <b data-path-to-node=\"5,1,0\" data-index-in-node=\"52\">3 bis 10 Werktage<\/b> nach Zahlungseingang.<\/li><\/ul><p data-path-to-node=\"6\">An Samstagen, Sonntagen und Feiertagen erfolgt kein Versand. Sollte sich die Lieferzeit aufgrund unvorhergesehener Umst\u00e4nde verl\u00e4ngern, werden wir Sie rechtzeitig dar\u00fcber informieren.<\/p><h3>VERSANDART<\/h3><p>Die Sendungen werden von Po\u0161ta Slovenije d.o.o. zugestellt, daher gelten f\u00fcr die Zustellung deren Gesch\u00e4ftsbedingungen. In Ausnahmef\u00e4llen wird die Zustellung des Produkts von einem anderen Lieferunternehmen durchgef\u00fchrt. In diesem Fall wird der Kunde telefonisch oder per E-Mail \u00fcber die \u00c4nderung des Zustellers informiert.<\/p><p>Sie k\u00f6nnen die bestellte Ware oder Dienstleistung nach Vereinbarung auch selbst abholen. Im Falle einer pers\u00f6nlichen Abholung wird der Anbieter den Kunden telefonisch benachrichtigen, sobald die Ware zur Abholung bereit ist.<\/p><p>Bestellungen aus dem Ausland au\u00dferhalb der EU werden individuell bearbeitet und die Kundin\/der Kunde wird vor dem Versand bez\u00fcglich der Versandkosten kontaktiert. Bestellungen k\u00f6nnen an info@lasika.si aufgegeben werden.<\/p><p>L\u00e4ngere Zeit nicht lieferbare Produkte werden vor\u00fcbergehend aus dem Angebot des Online-Shops entfernt.<\/p><h3>Bearbeitung von besch\u00e4digten Sendungen (Entsch\u00e4digungen)<\/h3><p>Wenn Sie ein Paket erhalten und feststellen, dass der Artikel oder die physische Sendung besch\u00e4digt ist, der Inhalt fehlt oder Anzeichen einer \u00d6ffnung aufweist, k\u00f6nnen Sie einen Entsch\u00e4digungsantrag stellen. Der Schaden muss innerhalb von 7 Kalendertagen ab Erhalt des Pakets per E-Mail an info@lasika.si oder telefonisch unter der Nummer gemeldet werden <a href=\"tel:+38641874624\">+386 41 874 624<\/a>. Bei der Schadensmeldung ben\u00f6tigen wir auch Fotos des Pakets, der (inneren) Verpackung, des besch\u00e4digten Artikels, des Postaufklebers und eine Beschreibung des Schadens. Sie k\u00f6nnen auch mit dem Sachbearbeiter vereinbaren, dass das besch\u00e4digte Paket bei Ihnen abgeholt wird.<\/p><p>\u00a0<\/p>\t\t\t\t\t\t\t\t<\/div>\n\t\t\t\t<\/div>\n\t\t\t\t<\/div>","protected":false},"excerpt":{"rendered":"<p>DOSTAVA IN STRO\u0160KI DOSTAVE Stro\u0161ek dostave izdelkov, naro\u010denih v spletni trgovini, zna\u0161a 4,5 \u20ac za celotno Slovenijo. Ob nakupu nad 50 \u20ac je dostava brezpla\u010dna.Smo manj\u0161e dru\u017einsko podjetje, zato vseh izdelkov ne moremo zagotavljati v ve\u010djih zalogah. Va\u0161a naro\u010dila se trudimo odpremiti v najkraj\u0161em mo\u017enem \u010dasu, upo\u0161tevajo\u010d naslednje pogoje: Izdelki na zalogi: Blago bo poslano [&hellip;]<\/p>\n","protected":false},"author":5,"featured_media":0,"parent":0,"menu_order":0,"comment_status":"closed","ping_status":"closed","template":"","meta":{"_acf_changed":false,"footnotes":""},"class_list":["post-9643","page","type-page","status-publish","hentry"],"acf":[],"_links":{"self":[{"href":"https:\/\/lasika.si\/de\/wp-json\/wp\/v2\/pages\/9643","targetHints":{"allow":["GET"]}}],"collection":[{"href":"https:\/\/lasika.si\/de\/wp-json\/wp\/v2\/pages"}],"about":[{"href":"https:\/\/lasika.si\/de\/wp-json\/wp\/v2\/types\/page"}],"author":[{"embeddable":true,"href":"https:\/\/lasika.si\/de\/wp-json\/wp\/v2\/users\/5"}],"replies":[{"embeddable":true,"href":"https:\/\/lasika.si\/de\/wp-json\/wp\/v2\/comments?post=9643"}],"version-history":[{"count":6,"href":"https:\/\/lasika.si\/de\/wp-json\/wp\/v2\/pages\/9643\/revisions"}],"predecessor-version":[{"id":9649,"href":"https:\/\/lasika.si\/de\/wp-json\/wp\/v2\/pages\/9643\/revisions\/9649"}],"wp:attachment":[{"href":"https:\/\/lasika.si\/de\/wp-json\/wp\/v2\/media?parent=9643"}],"curies":[{"name":"wp","href":"https:\/\/api.w.org\/{rel}","templated":true}]}}