{"id":8109,"date":"2026-01-29T13:15:45","date_gmt":"2026-01-29T12:15:45","guid":{"rendered":"https:\/\/lasika.si\/?page_id=8109"},"modified":"2026-02-02T09:50:21","modified_gmt":"2026-02-02T08:50:21","slug":"pravilnik-o-zasebnosti","status":"publish","type":"page","link":"https:\/\/lasika.si\/de\/pravilnik-o-zasebnosti\/","title":{"rendered":"Datenschutzrichtlinie"},"content":{"rendered":"<div data-elementor-type=\"wp-page\" data-elementor-id=\"8109\" class=\"elementor elementor-8109\" data-elementor-post-type=\"page\">\n\t\t\t\t<div class=\"elementor-element elementor-element-b107738 e-con-full e-flex e-con e-parent\" data-id=\"b107738\" data-element_type=\"container\" data-e-type=\"container\">\r\n\t\t\t\t<div class=\"elementor-element elementor-element-be6e9ec elementor-widget elementor-widget-text-editor\" data-id=\"be6e9ec\" data-element_type=\"widget\" data-e-type=\"widget\" data-widget_type=\"text-editor.default\">\n\t\t\t\t\t\t\t\t\t<h2>1. ALLGEMEINE BESTIMMUNGEN<\/h2><p>Anbieter der Webseite: www.lasika.si ist das Unternehmen Peter Kri\u017eman s.p.<br \/>Firmenname: Peter Kri\u017eman s.p.<br \/>Adresse: Veliko Mla\u010devo 48, 1290 Grosuplje<br \/>Registernummer: 9735461000<br \/>Steuernummer: 77341201<\/p><p>Die Nutzung der Webseite (Browsen, \u00d6ffnen von Links, Lesen von Inhalten und \u00c4hnliches) gilt als Zustimmung des Webseitenbesuchers zu diesen allgemeinen Nutzungsbedingungen. Falls Sie als Webseitenbesucher diesen allgemeinen Bedingungen nicht zustimmen, bitten wir Sie, die Webseite nicht zu nutzen.<\/p><p>Der Anbieter beh\u00e4lt sich das Recht vor, diese allgemeinen Bedingungen jederzeit und ohne vorherige Ank\u00fcndigung zu \u00e4ndern, indem er die neue Version auf der Webseite ver\u00f6ffentlicht.<\/p><p>Diese allgemeinen Bedingungen gelten f\u00fcr die gesamte Webseite und alle ihre einzelnen Teile, wie Abschnitte, Produkte, Unterseiten oder Formulare, sofern f\u00fcr einen einzelnen Teil nicht ausdr\u00fccklich etwas anderes bestimmt ist.<\/p><h2>2. INHALTE AUF DER WEBSEITE<\/h2><p>Mitteilungen, Beitr\u00e4ge, Artikel, Produkte, Texte und andere auf der Webseite ver\u00f6ffentlichte Inhalte (im Folgenden: Inhalte) wurden mit der besten Absicht erstellt, den Besuchern der Webseite (im Folgenden: Nutzer) n\u00fctzliche und brauchbare Inhalte f\u00fcr ihre Arbeit bereitzustellen. Der Anbieter bem\u00fcht sich nach besten Kr\u00e4ften, durch die Pflege der Webseite die Genauigkeit und Richtigkeit dieser Informationen und Inhalte sowie die korrekte Funktion der Formulare zu gew\u00e4hrleisten.<\/p><p>Der Anbieter ver\u00f6ffentlicht auf der Webseite haupts\u00e4chlich Informationen \u00fcber seine Dienstleistungen und Produkte sowie Informationen \u00fcber seine Aktivit\u00e4ten. Der Anbieter ver\u00f6ffentlicht auf der Webseite nur Informationen, die in (direktem oder indirektem) Zusammenhang mit den Nutzern stehen.<\/p><p>Falls auf der Webseite Informationen ver\u00f6ffentlicht werden, die aus anderen Quellen stammen, wird die Quelle daneben angegeben oder darauf mit einem Weblink zur Quelle hingewiesen.<\/p><p>Der Anbieter beh\u00e4lt sich das Recht vor, Inhalte oder Formulare auf der Webseite ohne vorherige Ank\u00fcndigung zu \u00e4ndern, hinzuzuf\u00fcgen oder zu entfernen und \u00fcbernimmt keine Verantwortung f\u00fcr etwaige Folgen solcher \u00c4nderungen.<\/p><p>Auf der Webseite werden gelegentlich auch Links ver\u00f6ffentlicht, die auf Webseiten anderer Personen verweisen. Der Anbieter kann die Funktionsweise dieser Seiten und deren Inhalte nicht beeinflussen und \u00fcbernimmt keinerlei Verantwortung f\u00fcr die Richtigkeit der dort ver\u00f6ffentlichten Informationen und Inhalte.<\/p><p>Regeln zur Haftungsbeschr\u00e4nkung bei der Nutzung von Inhalten auf der Webseite finden sich in Punkt 3 dieser Allgemeinen Gesch\u00e4ftsbedingungen.<\/p><h2>3. HAFTUNGSAUSSCHLUSS BEI DER NUTZUNG DER WEBSEITE<\/h2><p>Besucher der Webseite nutzen die Webseite, ihre Teile, Inhalte und Informationen ausschlie\u00dflich auf eigene Verantwortung.<\/p><p>Der Anbieter der Webseite \u00fcbernimmt keinerlei Haftung, falls eine wichtige Information oder ein anderer Inhalt, der im World Wide Web ver\u00f6ffentlicht oder dem Anbieter zur Ver\u00f6ffentlichung \u00fcbermittelt wurde, \u00fcbersehen wird.<\/p><p>Der Anbieter \u00fcbernimmt keinerlei Haftung f\u00fcr die Richtigkeit und Korrektheit der auf der Webseite ver\u00f6ffentlichten Informationen und Inhalte, \u00fcbernimmt keine Haftung aufgrund von \u00c4nderungen bereits ver\u00f6ffentlichter Informationen oder Inhalte und \u00fcbernimmt keine Haftung f\u00fcr eventuell entstandene Sch\u00e4den, die dem Besucher der Webseite durch die Nutzung der dort ver\u00f6ffentlichten Informationen oder Inhalte entstehen k\u00f6nnten, einschlie\u00dflich Sch\u00e4den durch entgangenen Umsatz oder erwarteten Gewinn, Verlust oder Beeintr\u00e4chtigung des guten Rufs, Gesch\u00e4ftsverlust oder Datenverlust.<\/p><h2>4. DATENSCHUTZRICHTLINIE<\/h2><p>Der Anbieter sch\u00fctzt die personenbezogenen Daten der Besucher der Webseite, die diese ihm bei der Nutzung \u00fcbermitteln. Personenbezogene Daten werden ausschlie\u00dflich f\u00fcr die Zwecke verarbeitet, f\u00fcr die sie erhoben wurden und die die geltende Gesetzgebung erlaubt.<\/p><p>Der Anbieter wird personenbezogene Daten, einschlie\u00dflich Kontaktinformationen, nicht f\u00fcr andere Zwecke verwenden und sie ohne die ausdr\u00fcckliche vorherige Zustimmung der Person, auf die sich die personenbezogenen Daten beziehen, nicht an Dritte weitergeben, es sei denn, er w\u00e4re dazu aufgrund von Vorschriften verpflichtet.<\/p><p>Beim Besuch der Webseite werden bestimmte Daten (z.B. Datum, Uhrzeit, Adresse der Seite, von der Sie kommen) auf dem Server gespeichert. Diese Daten sind anonym und werden ausschlie\u00dflich f\u00fcr statistische Verarbeitungen verwendet.<\/p><p>Der Anbieter f\u00fchrt die notwendigen organisatorischen, technischen und logisch-technischen Verfahren und Ma\u00dfnahmen durch, mit denen personenbezogene Daten gesch\u00fctzt werden, um die zuf\u00e4llige oder vors\u00e4tzliche unbefugte Zerst\u00f6rung von Daten, deren \u00c4nderung oder Verlust sowie die unbefugte Verarbeitung zu verhindern.<\/p><p>Der Anbieter verpflichtet sich, alle privaten Daten des Nutzers gem\u00e4\u00df den Bestimmungen des Gesetzes zum Schutz personenbezogener Daten (ZVOP-1) und der EU-Datenschutz-Grundverordnung zu sch\u00fctzen. Alle personenbezogenen Daten des Nutzers des Online-Shops sind vertraulich und werden in keinem Fall an unbefugte Personen weitergegeben.<\/p><p>Die meisten Seiten im Online-Shop k\u00f6nnen besucht werden, ohne dass pers\u00f6nliche Daten wie Name, Adresse und E-Mail-Adresse preisgegeben werden m\u00fcssen. Dennoch werden einige Informationen automatisch durch die Verwendung von Cookies und Web-Beacons (\u00bbPixel-Tags\u00ab), Standardwerkzeugen in der Web-Branche, erfasst. Die Verwendung von Cookies und Web-Beacons erm\u00f6glicht es, die individuelle IP-Adresse, den Browsertyp, den der Besucher der Webseite verwendet, und die allgemeine Online-Aktivit\u00e4t des Besuchers zu erkennen.<\/p><p>F\u00fcr einen Einkauf in unserem Online-Shop ist die Erhebung einiger Ihrer personenbezogenen Daten erforderlich. Die Daten, die Sie uns \u00fcbermitteln, werden nicht an Dritte weitergegeben, au\u00dfer zum Zweck der Best\u00e4tigung der G\u00fcltigkeit des Kaufs und der Lieferung der Produkte. Der Anbieter ergreift alle notwendigen Ma\u00dfnahmen zum Schutz der Vertraulichkeit personenbezogener Daten gem\u00e4\u00df ZVOP-1 und der EU-Datenschutz-Grundverordnung.<\/p><p>Mit dem Kauf im Online-Shop stimmen Sie ausdr\u00fccklich zu, dass Ihre bei der Bestellung angegebenen pers\u00f6nlichen Daten (Name, Nachname, Adresse, E-Mail-Adresse, Telefonnummer) gespeichert und ausschlie\u00dflich zum Zwecke der Erf\u00fcllung der Bestellung verwendet werden. Ihre E-Mail-Adresse kann f\u00fcr das Direktmarketing unserer gleichen oder \u00e4hnlichen Produkte oder Dienstleistungen, die Sie im Online-Shop gekauft haben, verwendet werden. Bei Ihrem ersten Besuch k\u00f6nnen Sie Cookies ablehnen, mit denen Ihre Daten im Browser gespeichert werden. Wenn Sie der Verwendung zustimmen, best\u00e4tigen Sie, dass Sie gelesen haben <strong>Nutzungsbedingungen<\/strong> und stimmen der Erhebung und Verwendung personenbezogener Daten zu.<\/p><h2>5. URHEBERRECHTE<\/h2><p>Die Inhalte, grafischen und sonstigen Elemente auf der Webseite sind urheberrechtlich gesch\u00fctzt und Eigentum des Betreibers der Webseite, ausgenommen jene, die in diesen Allgemeinen Gesch\u00e4ftsbedingungen oder direkt neben dem Inhalt bzw. Element anders gekennzeichnet sind. Einige Inhalte stammen von Webseiten, die das kostenlose Herunterladen verschiedener grafischer Materialien erlauben.<\/p><h2>6. KONTAKTDATEN<\/h2><p>Sollten Sie einen Fehler, eine Ungenauigkeit, eine Veralterung oder einen anderen Mangel auf der Webseite entdeckt haben, teilen Sie uns dies bitte mit unter <strong>info@lasika.si<\/strong>. An dieselbe Adresse k\u00f6nnen Sie uns auch Ihre Antr\u00e4ge auf L\u00f6schung Ihrer pers\u00f6nlichen Daten von der Webseite mitteilen.<\/p><p>Jede Person kann vom Anbieter verlangen, dass er die auf der Webseite ver\u00f6ffentlichten pers\u00f6nlichen Daten entfernt, was auch Bild- oder Videoaufnahmen umfasst, auf denen die Person erscheint. Der Anbieter wird in diesem Fall die pers\u00f6nlichen Daten unverz\u00fcglich von der Webseite entfernen.<\/p><p>Letzte \u00dcberpr\u00fcfung: Februar 2026<\/p>\t\t\t\t\t\t\t\t<\/div>\n\t\t\t\t<\/div>\n\t\t\t\t<\/div>","protected":false},"excerpt":{"rendered":"<p>1. SPLO\u0160NE DOLO\u010cBE Ponudnik spletne strani: www.lasika.si je podjetje Peter Kri\u017eman s.p.Naziv podjetja: Peter Kri\u017eman s.p.Naslov: Veliko Mla\u010devo 48, 1290 GrosupljeMati\u010dna \u0161tevilka: 9735461000Dav\u010dna \u0161tevilka: 77341201 Uporabo spletne strani (brskanje, odpiranje povezav, branje vsebine in podobno) \u0161tejemo kot soglasje obiskovalca spletne strani, da se strinja s temi splo\u0161nimi pogoji uporabe. V kolikor se kot obiskovalec spletne [&hellip;]<\/p>\n","protected":false},"author":2,"featured_media":0,"parent":0,"menu_order":0,"comment_status":"closed","ping_status":"closed","template":"","meta":{"_acf_changed":false,"footnotes":""},"class_list":["post-8109","page","type-page","status-publish","hentry"],"acf":[],"_links":{"self":[{"href":"https:\/\/lasika.si\/de\/wp-json\/wp\/v2\/pages\/8109","targetHints":{"allow":["GET"]}}],"collection":[{"href":"https:\/\/lasika.si\/de\/wp-json\/wp\/v2\/pages"}],"about":[{"href":"https:\/\/lasika.si\/de\/wp-json\/wp\/v2\/types\/page"}],"author":[{"embeddable":true,"href":"https:\/\/lasika.si\/de\/wp-json\/wp\/v2\/users\/2"}],"replies":[{"embeddable":true,"href":"https:\/\/lasika.si\/de\/wp-json\/wp\/v2\/comments?post=8109"}],"version-history":[{"count":7,"href":"https:\/\/lasika.si\/de\/wp-json\/wp\/v2\/pages\/8109\/revisions"}],"predecessor-version":[{"id":8116,"href":"https:\/\/lasika.si\/de\/wp-json\/wp\/v2\/pages\/8109\/revisions\/8116"}],"wp:attachment":[{"href":"https:\/\/lasika.si\/de\/wp-json\/wp\/v2\/media?parent=8109"}],"curies":[{"name":"wp","href":"https:\/\/api.w.org\/{rel}","templated":true}]}}