{"id":5557,"date":"2025-12-10T09:02:02","date_gmt":"2025-12-10T08:02:02","guid":{"rendered":"https:\/\/lasika.si\/?page_id=5557"},"modified":"2026-03-31T11:58:18","modified_gmt":"2026-03-31T09:58:18","slug":"kekse","status":"publish","type":"page","link":"https:\/\/lasika.si\/de\/piskotki\/","title":{"rendered":"Cookies"},"content":{"rendered":"<div data-elementor-type=\"wp-page\" data-elementor-id=\"5557\" class=\"elementor elementor-5557\" data-elementor-post-type=\"page\">\n\t\t\t\t<div class=\"elementor-element elementor-element-b107738 e-flex e-con-boxed e-con e-parent\" data-id=\"b107738\" data-element_type=\"container\" data-e-type=\"container\">\r\n\t\t\t\t\t<div class=\"e-con-inner\">\r\n\t\t\t\t<div class=\"elementor-element elementor-element-7132c84 elementor-widget elementor-widget-text-editor\" data-id=\"7132c84\" data-element_type=\"widget\" data-e-type=\"widget\" data-widget_type=\"text-editor.default\">\n\t\t\t\t\t\t\t\t\t<p>Auf unserer Website verwenden wir Cookies. Cookies sind kleine txt-Dateien, die Ihr Browser (Firefox, Chrome, Opera oder Internet Explorer) auf Ihren Computer herunterl\u00e4dt, wenn Sie im Internet surfen.<\/p><p>Gem\u00e4\u00df den Empfehlungen des Datenschutzbeauftragten haben wir auf unserer Website einen Hinweis zur Verwendung von Cookies platziert und Ihnen gleichzeitig die Wahl gelassen, welche Cookies Sie verwenden m\u00f6chten und welche nicht.<\/p><h2>ARTEN VON COOKIES AUF DER WEBSITE WWW.LASIKA.SI<\/h2><h3>NOTWENDIGE COOKIES<\/h3><div class=\"bt_bb_text\" data-bb-version=\"5.4.2\"><p>Notwendige Cookies sind solche, die die Website f\u00fcr ihre ordnungsgem\u00e4\u00dfe Funktion ben\u00f6tigt. Dies sind zum Beispiel Cookies, die f\u00fcr die Sitzungen (Session) angemeldeter Abonnenten (Service-Seiten) sorgen, und es sind auch Cookies, die auf Ihren Computer heruntergeladen werden, damit wir beim n\u00e4chsten Besuch wissen, welche der anderen Cookies Sie zulassen und welche nicht.<\/p><\/div><div class=\"bt_bb_text\" data-bb-version=\"5.4.2\"><div class=\"responsive-table-wrapper\"><table><thead><tr><th>Name des Cookies<\/th><th>Verwendungszweck<\/th><th>Dauer<\/th><\/tr><\/thead><tbody><tr><td><i>PHPSESSID<\/i><\/td><td>Einrichtung der Seitenfunktion.<\/td><td>F\u00fcr die Dauer der Sitzung<\/td><\/tr><tr><td>wordpress_test_cookie<\/td><td>Einrichtung der Seitenfunktion.<\/td><td>F\u00fcr die Dauer der Sitzung<\/td><\/tr><tr><td>moove_gdpr_popup<\/td><td>Speichert den Zustand der Benutzereinwilligung bez\u00fcglich der Cookie-Nutzung f\u00fcr die aktuelle Domain.<\/td><td>1 Jahr<\/td><\/tr><\/tbody><\/table><\/div><\/div><h2>BESUCHSSTATISTIK<\/h2><div class=\"bt_bb_text\" data-bb-version=\"5.4.2\"><p>Die Betreiber der Website www.lasika.si m\u00f6chten wissen, wo sich unsere Besucher aufhalten, welche der einzelnen Inhalte am h\u00e4ufigsten besucht werden und woher Sie \u00fcberhaupt auf unsere Website kommen. Dies ist unser einziges Feedback und meist der einzige Kontakt zu unseren Besuchern. Aus diesem Grund erfassen wir Besuchsstatistiken.<\/p><p>Basierend auf den Cookies, die wir auf Ihren Computer herunterladen, k\u00f6nnen wir feststellen, ob Sie uns zum ersten Mal besuchen oder ob Sie ein regelm\u00e4\u00dfiger Besucher sind.<\/p><\/div><div class=\"bt_bb_separator bt_bb_border_style_none bt_bb_bottom_spacing_extra_small\" data-bt-override-class=\"null\">\u00a0<\/div><div class=\"bt_bb_text\" data-bb-version=\"5.4.2\"><div class=\"responsive-table-wrapper\"><table><thead><tr><th>Name des Cookies<\/th><th>Verwendungszweck<\/th><th>Dauer<\/th><th>Unternehmen<\/th><\/tr><\/thead><tbody><tr><td><i>_ga<\/i><\/td><td>Erfasst die Unterscheidung zwischen Benutzern (Sitzungen).<\/td><td>2 Jahre<\/td><td><a href=\"https:\/\/developers.google.com\/analytics\/devguides\/collection\/analyticsjs\/cookie-usage\" target=\"_blank\" rel=\"nofollow noopener noreferrer\">Google Inc.<\/a><\/td><\/tr><tr><td><i>_gid<\/i><\/td><td>Erfasst eindeutige Benutzer<\/td><td>24 Stunden<\/td><td><a href=\"https:\/\/developers.google.com\/analytics\/devguides\/collection\/analyticsjs\/cookie-usage\" target=\"_blank\" rel=\"nofollow noopener noreferrer\">Google Inc.<\/a><\/td><\/tr><tr><td><i>_gat<\/i><\/td><td>Erfasst einen neuen Benutzer (Sitzung).<\/td><td>1 Minute<\/td><td><a href=\"https:\/\/developers.google.com\/analytics\/devguides\/collection\/analyticsjs\/cookie-usage\" target=\"_blank\" rel=\"nofollow noopener noreferrer\">Google Inc.<\/a><\/td><\/tr><\/tbody><\/table><\/div><\/div><h2>KANN ICH DAS LADEN VON COOKIES VOLLST\u00c4NDIG VERMEIDEN?<\/h2><p>Wenn Sie \u00fcberhaupt nicht m\u00f6chten, dass Cookies von unserer Seite auf Ihren Computer geladen werden, k\u00f6nnen Sie diese Option in den Einstellungen Ihres Browsers deaktivieren. In diesem Fall erhalten Sie keine Cookies. Falls Ihr Browser solche Einstellungen nicht unterst\u00fctzt, empfehlen wir Ihnen, ihn sofort durch einen moderneren und sichereren zu ersetzen. Die \u00fcberwiegende Mehrheit der verwendeten Browser (99%) bietet die M\u00f6glichkeit, Ihre Datenschutzeinstellungen anzupassen und das Laden von Cookies zu deaktivieren.<\/p><h2>WIE ENTFERNE ICH ERSTELLTE COOKIES?<\/h2><ul><li><a href=\"https:\/\/support.google.com\/chrome\/answer\/95647?hl=sl-sl&amp;p=cpn_cookies\" target=\"_blank\" rel=\"noreferrer noopener\">Browser Google Chrome<\/a><\/li><li><a href=\"https:\/\/support.mozilla.org\/sl\/kb\/izbrisite-piskotke-podatke-strani\" target=\"_blank\" rel=\"noopener\">Browser Mozilla Firefox<\/a><\/li><li><a href=\"https:\/\/support.microsoft.com\/sl-si\/microsoft-edge\/brisanje-pi%C5%A1kotkov-v-brskalniku-microsoft-edge-63947406-40ac-c3b8-57b9-2a946a29ae09\" target=\"_blank\" rel=\"noopener\">Microsoft Edge<\/a><\/li><li><a href=\"https:\/\/support.microsoft.com\/sl-si\/windows\/brisanje-in-upravljanje-pi%C5%A1kotkov-168dab11-0753-043d-7c16-ede5947fc64d\" target=\"_blank\" rel=\"noopener\">Browser Internet Explorer 9<\/a><\/li><li><a href=\"https:\/\/support.microsoft.com\/sl-si\/windows\/brisanje-in-upravljanje-pi%C5%A1kotkov-168dab11-0753-043d-7c16-ede5947fc64d\" target=\"_blank\" rel=\"noreferrer noopener\">Browser Internet Explorer 7 und 8<\/a><\/li><li><a href=\"http:\/\/www.opera.com\/help\/tutorials\/security\/cookies\/\" target=\"_blank\" rel=\"noreferrer noopener\">Browser Opera (engl.)<\/a><\/li><li><a href=\"https:\/\/support.apple.com\/guide\/safari\/manage-cookies-sfri11471\/mac\" target=\"_blank\" rel=\"noreferrer noopener\">Browser Safari (engl.)<\/a><\/li><\/ul><h2>SCHUTZ PERSONENBEZOGENER DATEN<\/h2><p>Die in das Online-Formular eingegebenen pers\u00f6nlichen Daten sch\u00fctzen und speichern wir gem\u00e4\u00df der DSGVO.<\/p><p>\u00a0<\/p>\t\t\t\t\t\t\t\t<\/div>\n\t\t\t\t\t<\/div>\n\t\t\t\t<\/div>\n\t\t\t\t<\/div>","protected":false},"excerpt":{"rendered":"<p>Na na\u0161i spletni strani uporabljamo pi\u0161kotke (cookies). Pi\u0161kotki so majhne txt datoteke, ki jih va\u0161 brskalnik (Firefox, Chrome, Opera ali Internet Explorer), nalo\u017ei na va\u0161 ra\u010dunalnik kadar brskate po spletu. V skladu s priporo\u010dili informacijskega poobla\u0161\u010denca, smo na na\u0161o spletno stran namestili obvestilo o uporabi pi\u0161kotkov, hkrati pa smo vam omogo\u010dili tudi izbiro, katere pi\u0161kotke [&hellip;]<\/p>\n","protected":false},"author":2,"featured_media":0,"parent":0,"menu_order":0,"comment_status":"closed","ping_status":"closed","template":"","meta":{"_acf_changed":false,"footnotes":""},"class_list":["post-5557","page","type-page","status-publish","hentry"],"acf":[],"_links":{"self":[{"href":"https:\/\/lasika.si\/de\/wp-json\/wp\/v2\/pages\/5557","targetHints":{"allow":["GET"]}}],"collection":[{"href":"https:\/\/lasika.si\/de\/wp-json\/wp\/v2\/pages"}],"about":[{"href":"https:\/\/lasika.si\/de\/wp-json\/wp\/v2\/types\/page"}],"author":[{"embeddable":true,"href":"https:\/\/lasika.si\/de\/wp-json\/wp\/v2\/users\/2"}],"replies":[{"embeddable":true,"href":"https:\/\/lasika.si\/de\/wp-json\/wp\/v2\/comments?post=5557"}],"version-history":[{"count":10,"href":"https:\/\/lasika.si\/de\/wp-json\/wp\/v2\/pages\/5557\/revisions"}],"predecessor-version":[{"id":9910,"href":"https:\/\/lasika.si\/de\/wp-json\/wp\/v2\/pages\/5557\/revisions\/9910"}],"wp:attachment":[{"href":"https:\/\/lasika.si\/de\/wp-json\/wp\/v2\/media?parent=5557"}],"curies":[{"name":"wp","href":"https:\/\/api.w.org\/{rel}","templated":true}]}}