{"id":4743,"date":"2025-11-27T12:27:02","date_gmt":"2025-11-27T11:27:02","guid":{"rendered":"https:\/\/lasika.si\/?page_id=4743"},"modified":"2026-01-12T13:50:10","modified_gmt":"2026-01-12T12:50:10","slug":"aktion","status":"publish","type":"page","link":"https:\/\/lasika.si\/de\/akcija\/","title":{"rendered":"Angebote"},"content":{"rendered":"<div data-elementor-type=\"wp-page\" data-elementor-id=\"4743\" class=\"elementor elementor-4743\" data-elementor-post-type=\"page\">\n\t\t\t\t<div class=\"elementor-element elementor-element-65807a2 e-flex e-con-boxed e-con e-parent\" data-id=\"65807a2\" data-element_type=\"container\" data-e-type=\"container\">\r\n\t\t\t\t\t<div class=\"e-con-inner\">\r\n\t\t\t\t<div class=\"elementor-element elementor-element-7eabfce elementor-widget__width-initial elementor-widget elementor-widget-image\" data-id=\"7eabfce\" data-element_type=\"widget\" data-e-type=\"widget\" data-widget_type=\"image.default\">\n\t\t\t\t\t\t\t\t\t\t\t\t\t\t\t<img fetchpriority=\"high\" decoding=\"async\" width=\"1920\" height=\"1920\" src=\"https:\/\/lasika.si\/wp-content\/uploads\/2025\/12\/roza-na-stojalu-bez-02.jpg\" class=\"attachment-full size-full wp-image-5742\" alt=\"Rose in Beige\" srcset=\"https:\/\/lasika.si\/wp-content\/uploads\/2025\/12\/roza-na-stojalu-bez-02.jpg 1920w, https:\/\/lasika.si\/wp-content\/uploads\/2025\/12\/roza-na-stojalu-bez-02-1024x1024.jpg 1024w, https:\/\/lasika.si\/wp-content\/uploads\/2025\/12\/roza-na-stojalu-bez-02-768x768.jpg 768w, https:\/\/lasika.si\/wp-content\/uploads\/2025\/12\/roza-na-stojalu-bez-02-1536x1536.jpg 1536w, https:\/\/lasika.si\/wp-content\/uploads\/2025\/12\/roza-na-stojalu-bez-02-640x640.jpg 640w, https:\/\/lasika.si\/wp-content\/uploads\/2025\/12\/roza-na-stojalu-bez-02-400x400.jpg 400w, https:\/\/lasika.si\/wp-content\/uploads\/2025\/12\/roza-na-stojalu-bez-02-600x600.jpg 600w\" sizes=\"(max-width: 1920px) 100vw, 1920px\" title=\"\">\t\t\t\t\t\t\t\t\t\t\t\t\t\t\t<\/div>\n\t\t<div class=\"elementor-element elementor-element-3a0c1c4 e-con-full e-flex e-con e-child\" data-id=\"3a0c1c4\" data-element_type=\"container\" data-e-type=\"container\">\r\n\t\t\t\t<div class=\"elementor-element elementor-element-8dab459 pos-center elementor-widget elementor-widget-porto_page_header\" data-id=\"8dab459\" data-element_type=\"widget\" data-e-type=\"widget\" data-widget_type=\"porto_page_header.default\">\n\t\t\t\t\t<div class=\"page-top page-header-1\"><style>.page-top { background: none; border-bottom: none; } .page-top .page-title:not(.b-none):after { display: none; }<\/style><div class=\"container hide-title\">\r\n\t<div class=\"row\">\r\n\t\t<div class=\"col-lg-12\">\r\n\t\t\t\t\t\t\t<nav aria-label=\"breadcrumb\" class=\"breadcrumbs-wrap\">\r\n\t\t\t\t\t<ul class=\"breadcrumb\" itemscope itemtype=\"https:\/\/schema.org\/BreadcrumbList\"><li class=\"home\" itemprop=\"itemListElement\" itemscope itemtype=\"https:\/\/schema.org\/ListItem\"><a itemprop=\"item\" href=\"https:\/\/lasika.si\/de\" title=\"Go to Home Page\"><span itemprop=\"name\">Home<\/span><\/a><meta itemprop=\"position\" content=\"1\" \/><i class=\"delimiter\"><\/i><\/li><\/ul>\t\t\t\t<\/nav>\r\n\t\t\t\t\t\t<div class=\"page-title-wrap d-none\">\r\n\t\t\t\t\t\t\t\t<h1 class=\"page-title\"><\/h1>\r\n\t\t\t\t\t\t\t<\/div>\r\n\t\t\t\t\t<\/div>\r\n\t<\/div>\r\n<\/div>\r\n<\/div>\t\t\t\t<\/div>\n\t\t\t\t<\/div>\n\t\t\t\t\t<\/div>\n\t\t\t\t<\/div>\n\t\t<div class=\"elementor-element elementor-element-e127208 e-flex e-con-boxed e-con e-parent\" data-id=\"e127208\" data-element_type=\"container\" data-e-type=\"container\">\r\n\t\t\t\t\t<div class=\"e-con-inner\">\r\n\t\t\t\t\t<\/div>\n\t\t\t\t<\/div>\n\t\t\t\t<\/div>","protected":false},"excerpt":{"rendered":"<p>Home -33% This product has multiple variants. The options may be chosen on the product page Lesene sve\u010de na piku iz masivne smreke Lesena sve\u010da na piku iz masivne smreke \u017egane barve 2,00&nbsp;&euro; &ndash; 7,00&nbsp;&euro;Price range: 2,00&nbsp;&euro; through 7,00&nbsp;&euro; -33% Lesene sve\u010de na piku iz vezane plo\u0161\u010de Lesena sve\u010da z motivom angela 3,00&nbsp;&euro; Original price [&hellip;]<\/p>\n","protected":false},"author":2,"featured_media":5742,"parent":0,"menu_order":0,"comment_status":"closed","ping_status":"closed","template":"","meta":{"_acf_changed":false,"footnotes":""},"class_list":["post-4743","page","type-page","status-publish","has-post-thumbnail","hentry"],"acf":[],"_links":{"self":[{"href":"https:\/\/lasika.si\/de\/wp-json\/wp\/v2\/pages\/4743","targetHints":{"allow":["GET"]}}],"collection":[{"href":"https:\/\/lasika.si\/de\/wp-json\/wp\/v2\/pages"}],"about":[{"href":"https:\/\/lasika.si\/de\/wp-json\/wp\/v2\/types\/page"}],"author":[{"embeddable":true,"href":"https:\/\/lasika.si\/de\/wp-json\/wp\/v2\/users\/2"}],"replies":[{"embeddable":true,"href":"https:\/\/lasika.si\/de\/wp-json\/wp\/v2\/comments?post=4743"}],"version-history":[{"count":31,"href":"https:\/\/lasika.si\/de\/wp-json\/wp\/v2\/pages\/4743\/revisions"}],"predecessor-version":[{"id":7296,"href":"https:\/\/lasika.si\/de\/wp-json\/wp\/v2\/pages\/4743\/revisions\/7296"}],"wp:featuredmedia":[{"embeddable":true,"href":"https:\/\/lasika.si\/de\/wp-json\/wp\/v2\/media\/5742"}],"wp:attachment":[{"href":"https:\/\/lasika.si\/de\/wp-json\/wp\/v2\/media?parent=4743"}],"curies":[{"name":"wp","href":"https:\/\/api.w.org\/{rel}","templated":true}]}}