{"id":10749,"date":"2026-04-30T10:58:47","date_gmt":"2026-04-30T08:58:47","guid":{"rendered":"https:\/\/lasika.si\/?page_id=10749"},"modified":"2026-04-30T15:25:57","modified_gmt":"2026-04-30T13:25:57","slug":"impressum","status":"publish","type":"page","link":"https:\/\/lasika.si\/de\/impressum\/","title":{"rendered":"Impressum"},"content":{"rendered":"<div data-elementor-type=\"wp-page\" data-elementor-id=\"10749\" class=\"elementor elementor-10749\" data-elementor-post-type=\"page\">\n\t\t\t\t<div class=\"elementor-element elementor-element-7e56e41c e-flex e-con-boxed e-con e-parent\" data-id=\"7e56e41c\" data-element_type=\"container\" data-e-type=\"container\">\r\n\t\t\t\t\t<div class=\"e-con-inner\">\r\n\t\t\t\t<div class=\"elementor-element elementor-element-3c5f198f elementor-widget elementor-widget-text-editor\" data-id=\"3c5f198f\" data-element_type=\"widget\" data-e-type=\"widget\" data-widget_type=\"text-editor.default\">\n\t\t\t\t\t\t\t\t\t<h2 data-path-to-node=\"6\"><b data-path-to-node=\"6\" data-index-in-node=\"0\">Impressum<\/b><\/h2>\n<p>\u00a0<\/p>\n<p data-path-to-node=\"7\"><b data-path-to-node=\"7\" data-index-in-node=\"0\">LASIKA | Lasergravur | Laserschnitt<\/b><\/p>\n<p data-path-to-node=\"7\">\u00a0<\/p>\n<p data-path-to-node=\"7\"><b data-path-to-node=\"7\" data-index-in-node=\"36\">Peter Kri\u017eman s.p.<\/b><\/p>\n<p data-path-to-node=\"7\">Veliko Mla\u010devo 48<\/p>\n<p data-path-to-node=\"7\">1290 Grosuplje<\/p>\n<p data-path-to-node=\"7\"><b data-path-to-node=\"7\" data-index-in-node=\"88\">Slowenien<\/b><\/p>\n<p data-path-to-node=\"7\">\u00a0<\/p>\n<p data-path-to-node=\"8\"><b data-path-to-node=\"8\" data-index-in-node=\"0\">Registernummer:<\/b> 9735461000 (AJPES)<\/p>\n<p data-path-to-node=\"8\"><b data-path-to-node=\"8\" data-index-in-node=\"35\">Steuernummer:<\/b> 77341201<\/p>\n<p data-path-to-node=\"8\">\u00a0<\/p>\n<p data-path-to-node=\"9\"><b data-path-to-node=\"9\" data-index-in-node=\"0\">Vertretungsberechtigt \/ Gesch\u00e4ftsf\u00fchrung:<\/b> Herr Peter Kri\u017eman<\/p>\n<p data-path-to-node=\"9\">\u00a0<\/p>\n<p data-path-to-node=\"10\"><b data-path-to-node=\"10\" data-index-in-node=\"0\">Kontakt:<\/b> E-Mail: info@lasika.si<\/p>\n<p data-path-to-node=\"10\">\u00a0<\/p>\n<p data-path-to-node=\"11\"><b data-path-to-node=\"11\" data-index-in-node=\"0\">Hinweis zur Umsatzsteuer:<\/b><\/p>\n<p data-path-to-node=\"11\">Nicht umsatzsteuerpflichtig nach slowenischem Recht (Kleinunternehmerregelung).<\/p>\t\t\t\t\t\t\t\t<\/div>\n\t\t\t\t\t<\/div>\n\t\t\t\t<\/div>\n\t\t\t\t<\/div>","protected":false},"excerpt":{"rendered":"<p>Impressum \u00a0 LASIKA | Lasergravur | Laserschnitt \u00a0 Peter Kri\u017eman s.p. Veliko Mla\u010devo 48 1290 Grosuplje Slowenien \u00a0 Registernummer: 9735461000 (AJPES) Steuernummer: 77341201 \u00a0 Vertretungsberechtigt \/ Gesch\u00e4ftsf\u00fchrung: Herr Peter Kri\u017eman \u00a0 Kontakt: E-Mail: info@lasika.si \u00a0 Hinweis zur Umsatzsteuer: Nicht umsatzsteuerpflichtig nach slowenischem Recht (Kleinunternehmerregelung).<\/p>","protected":false},"author":6,"featured_media":0,"parent":0,"menu_order":0,"comment_status":"closed","ping_status":"closed","template":"","meta":{"_acf_changed":false,"footnotes":""},"class_list":["post-10749","page","type-page","status-publish","hentry"],"acf":[],"_links":{"self":[{"href":"https:\/\/lasika.si\/de\/wp-json\/wp\/v2\/pages\/10749","targetHints":{"allow":["GET"]}}],"collection":[{"href":"https:\/\/lasika.si\/de\/wp-json\/wp\/v2\/pages"}],"about":[{"href":"https:\/\/lasika.si\/de\/wp-json\/wp\/v2\/types\/page"}],"author":[{"embeddable":true,"href":"https:\/\/lasika.si\/de\/wp-json\/wp\/v2\/users\/6"}],"replies":[{"embeddable":true,"href":"https:\/\/lasika.si\/de\/wp-json\/wp\/v2\/comments?post=10749"}],"version-history":[{"count":5,"href":"https:\/\/lasika.si\/de\/wp-json\/wp\/v2\/pages\/10749\/revisions"}],"predecessor-version":[{"id":10774,"href":"https:\/\/lasika.si\/de\/wp-json\/wp\/v2\/pages\/10749\/revisions\/10774"}],"wp:attachment":[{"href":"https:\/\/lasika.si\/de\/wp-json\/wp\/v2\/media?parent=10749"}],"curies":[{"name":"wp","href":"https:\/\/api.w.org\/{rel}","templated":true}]}}